{"id":8897,"date":"2025-03-07T22:45:10","date_gmt":"2025-03-08T06:45:22","guid":{"rendered":"https:\/\/www.catholicboy.com\/WP\/works\/literary-works\/diaries-and-fiction-by-jim-carroll\/forced-entries-the-downtown-diaries-jim-carroll-2\/"},"modified":"2025-03-07T22:52:11","modified_gmt":"2025-03-08T06:52:11","slug":"forced-entries-the-downtown-diaries-jim-carroll-first-edition","status":"publish","type":"page","link":"https:\/\/www.catholicboy.com\/WP\/works\/literary-works\/diaries-and-fiction-by-jim-carroll\/forced-entries-the-downtown-diaries-jim-carroll-first-edition\/","title":{"rendered":"Forced Entries: The Downtown Diaries, 1971-1973 (First Edition)"},"content":{"rendered":"\n<p><\/p>\n\n\n\n<div class=\"wp-block-media-text alignwide is-stacked-on-mobile is-vertically-aligned-top\" style=\"grid-template-columns:38% auto\"><figure class=\"wp-block-media-text__media\"><a class=\"foobox\" href=\"https:\/\/www.catholicboy.com\/WP\/wp-content\/uploads\/2023\/03\/fecover.jpg\"><img loading=\"lazy\" decoding=\"async\" width=\"250\" height=\"390\" src=\"https:\/\/www.catholicboy.com\/WP\/wp-content\/uploads\/2023\/03\/fecover.jpg\" alt=\"Cover Art: Forced Entries (First Edition)\" class=\"wp-image-6717 size-full\" srcset=\"https:\/\/www.catholicboy.com\/WP\/wp-content\/uploads\/2023\/03\/fecover.jpg 250w, https:\/\/www.catholicboy.com\/WP\/wp-content\/uploads\/2023\/03\/fecover-192x300.jpg 192w, https:\/\/www.catholicboy.com\/WP\/wp-content\/uploads\/2023\/03\/fecover-123x192.jpg 123w\" sizes=\"auto, (max-width: 250px) 100vw, 250px\" \/><\/a><\/figure><div class=\"wp-block-media-text__content\">\n<p class=\"ext-bibliography\"><em><strong>Forced Entries: The Downtown Diaries, 1971-1973<\/strong><br><\/em><strong>First Edition<br>By: <\/strong>Jim Carroll<br><strong>Published: <\/strong>1987<br><strong>Publisher:<\/strong> Penguin<br><strong>Format:<\/strong> Paperback<br><strong>Cover photo:<\/strong> Cindy Lewis<br><strong>Cover design: <\/strong>Neil Stuart<\/p>\n\n\n\n<p><\/p>\n\n\n\n<p><\/p>\n<\/div><\/div>\n\n\n\n<div style=\"height:30px\" aria-hidden=\"true\" class=\"wp-block-spacer\"><\/div>\n\n\n\n<p><em>Forced Entries<\/em>&nbsp;picks up Carroll&#8217;s story on his twentieth birthday, just as he is entering New York&#8217;s hip art scene. He rubs elbows with dozens of famous poets and artists, is Patti Smith&#8217;s beau for a time, works for Andy Warhol and Larry Rivers, and hangs out at Max&#8217;s Kansas City, where the Velvet Underground is performing. But all the while, he is leading a double life: still addicted to heroin, Carroll attempts to overcome his past and establish himself as an artist within this society of artists. Yet this quest for authentication combined with his need for drugs eventually threatens to destroy him. While he is frantically trying to keep up with the &#8220;scene,&#8221; his addiction overtakes him and his writing, and he finds that he has become a stranger to himself. Because of this, Carroll flees to California to successfully conquer his addiction and learn to see again.<\/p>\n\n\n\n<h2 class=\"wp-block-heading\">See also:<\/h2>\n\n\n\n<p><a href=\"https:\/\/www.catholicboy.com\/WP\/works\/literary-works\/diaries-and-fiction-by-jim-carroll\/forced-entries-the-downtown-diaries-jim-carroll\/\" data-type=\"page\" data-id=\"4258\">Second Edition<\/a><\/p>\n","protected":false},"excerpt":{"rendered":"<p>Forced Entries: The Downtown Diaries, 1971-1973First EditionBy: Jim CarrollPublished: 1987Publisher: PenguinFormat: PaperbackCover photo: Cindy LewisCover design: Neil Stuart Forced Entries&nbsp;picks up Carroll&#8217;s story on his twentieth birthday, just as he is entering New York&#8217;s hip art scene. He rubs elbows with dozens of famous poets and artists, is Patti Smith&#8217;s beau for a time, works &hellip; <a href=\"https:\/\/www.catholicboy.com\/WP\/works\/literary-works\/diaries-and-fiction-by-jim-carroll\/forced-entries-the-downtown-diaries-jim-carroll-first-edition\/\" class=\"more-link\">Continue reading <span class=\"screen-reader-text\">Forced Entries: The Downtown Diaries, 1971-1973 (First Edition)<\/span><\/a><\/p>\n","protected":false},"author":1,"featured_media":0,"parent":4003,"menu_order":3,"comment_status":"closed","ping_status":"closed","template":"","meta":{"advanced_seo_description":"","jetpack_seo_html_title":"","jetpack_seo_noindex":false,"jetpack_post_was_ever_published":false,"footnotes":""},"folder":[82],"class_list":["post-8897","page","type-page","status-publish","hentry"],"jetpack_sharing_enabled":true,"jetpack_shortlink":"https:\/\/wp.me\/P9VlUH-2jv","jetpack_likes_enabled":true,"jetpack-related-posts":[{"id":4258,"url":"https:\/\/www.catholicboy.com\/WP\/works\/literary-works\/diaries-and-fiction-by-jim-carroll\/forced-entries-the-downtown-diaries-jim-carroll\/","url_meta":{"origin":8897,"position":0},"title":"Forced Entries: The Downtown Diaries, 1971-1973","author":"catholicboy.com","date":"January 10, 2022","format":false,"excerpt":"Get this book on Amazon Forced Entries: The Downtown Diaries, 1971-1973Second EditionBy: Jim CarrollRepublished: 1998Publisher: PenguinFormat: PaperbackCover photo: Gerard MalangaCover design: Edward ODowd Forced Entries picks up Carroll's story on his twentieth birthday, just as he is entering New York's hip art scene. He rubs elbows with dozens of famous\u2026","rel":"","context":"Similar post","block_context":{"text":"Similar post","link":""},"img":{"alt_text":"Cover Art - Forced Entries: The Downtown Diaries, 1971-1973 (1997 edition) - by Jim Carroll","src":"https:\/\/i0.wp.com\/www.catholicboy.com\/WP\/wp-content\/uploads\/2023\/03\/fe2.gif?resize=350%2C200&ssl=1","width":350,"height":200},"classes":[]},{"id":4003,"url":"https:\/\/www.catholicboy.com\/WP\/works\/literary-works\/diaries-and-fiction-by-jim-carroll\/","url_meta":{"origin":8897,"position":1},"title":"Diaries and Fiction by Jim Carroll","author":"catholicboy.com","date":"January 10, 2022","format":false,"excerpt":"The Petting Zoo: A NovelPublished:\u00a0November 8, 2010By:\u00a0Jim CarrollPublisher:\u00a0VikingCarroll was putting the finishing touches on his first novel,\u00a0The Petting Zoo, when he passed away in 2009. Protagonist Billy Wolfram, a hot young artist in late 1980s NYC, suffers a psychological and spiritual breakdown while viewing the Met's Velasquez retrospective and desperately\u2026","rel":"","context":"Similar post","block_context":{"text":"Similar post","link":""},"img":{"alt_text":"","src":"https:\/\/i0.wp.com\/www.catholicboy.com\/WP\/wp-content\/uploads\/2021\/04\/PettingZooLarge.jpg?resize=350%2C200&ssl=1","width":350,"height":200},"classes":[]},{"id":6830,"url":"https:\/\/www.catholicboy.com\/WP\/works\/literary-works\/translations-foreign-editions\/downtown-diaries-french-translation-of-forced-entries-2015\/","url_meta":{"origin":8897,"position":2},"title":"Downtown Diaries: French Translation of Forced Entries 2015","author":"Cassie Carter","date":"March 23, 2023","format":false,"excerpt":"French Translation of Forced Entries by Jim Carroll French Translation of Forced Entries by Jim Carroll From Amazon Sweden: Downtown Diaries Pocketbok \u2013 Stor bok, 9 September 2015Franska utg\u00e5van av Jim Carroll (F\u00f6rfattare), J\u00e9r\u00f4me Schmidt (\u00d6vers\u00e4ttare) Auteur de Basketball Diaries, Jim Carroll, a \u00e9t\u00e9 l'une des figures centrales du New\u2026","rel":"","context":"Similar post","block_context":{"text":"Similar post","link":""},"img":{"alt_text":"Cover Art","src":"https:\/\/i0.wp.com\/www.catholicboy.com\/WP\/wp-content\/uploads\/2023\/03\/fe_sweden-front-110x150.jpg?resize=350%2C200&ssl=1","width":350,"height":200},"classes":[]},{"id":4141,"url":"https:\/\/www.catholicboy.com\/WP\/research\/academic-studies-of-jim-carroll\/masters-thesis-1990-basketball-diaries-and-forced-entries\/abstract\/","url_meta":{"origin":8897,"position":3},"title":"Abstract","author":"catholicboy.com","date":"January 10, 2022","format":false,"excerpt":"Abstract Jim Carroll's The Basketball Diaries and Forced Entries By Cassie Carter Title Page \u00a0 Table of Contents \u00a0 Abstract \u00a0 Chapter One \u00a0 Chapter Two \u00a0 Chapter Three \u00a0 Chapter Four \u00a0 Appendix \u00a0 Notes \u00a0 Works Cited By the time Jim Carroll was 16 years old, he was\u2026","rel":"","context":"Similar post","block_context":{"text":"Similar post","link":""},"img":{"alt_text":"","src":"","width":0,"height":0},"classes":[]},{"id":4050,"url":"https:\/\/www.catholicboy.com\/WP\/research\/academic-studies-of-jim-carroll\/masters-thesis-1990-basketball-diaries-and-forced-entries\/forced-entries-writing-as-penance\/","url_meta":{"origin":8897,"position":4},"title":"Forced Entries: Writing as Penance","author":"catholicboy.com","date":"January 10, 2022","format":false,"excerpt":"Chapter 3Forced Entries: Writing as Penance Jim Carroll's The Basketball Diaries and Forced Entries By Cassie Carter Title Page \u00a0 Table of Contents \u00a0 Abstract \u00a0 Chapter One \u00a0 Chapter Two \u00a0 Chapter Three \u00a0 Chapter Four \u00a0 Appendix \u00a0 Notes \u00a0 Works Cited It seems the deeper I allow\u2026","rel":"","context":"Similar post","block_context":{"text":"Similar post","link":""},"img":{"alt_text":"","src":"","width":0,"height":0},"classes":[]},{"id":5883,"url":"https:\/\/www.catholicboy.com\/WP\/research\/book-reviews\/diaries-of-the-damned\/","url_meta":{"origin":8897,"position":5},"title":"Diaries of the Damned","author":"Cassie Carter","date":"January 28, 2022","format":false,"excerpt":"Diaries of the Damned The editors pick at the writings of Jim Carroll Columbia Journal of American Studies\u00a01:1 (1995) CARROLL'S\u00a0The Basketball Diaries\u00a0(Penguin Books, 1987) is not about basketball. The game serves as an entry pass to realms that most red-headed white boys would get chased out of\u2014and a safe reference\u2026","rel":"","context":"Similar post","block_context":{"text":"Similar post","link":""},"img":{"alt_text":"","src":"images\/duckster.jpg","width":350,"height":200},"classes":[]}],"_links":{"self":[{"href":"https:\/\/www.catholicboy.com\/WP\/wp-json\/wp\/v2\/pages\/8897","targetHints":{"allow":["GET"]}}],"collection":[{"href":"https:\/\/www.catholicboy.com\/WP\/wp-json\/wp\/v2\/pages"}],"about":[{"href":"https:\/\/www.catholicboy.com\/WP\/wp-json\/wp\/v2\/types\/page"}],"author":[{"embeddable":true,"href":"https:\/\/www.catholicboy.com\/WP\/wp-json\/wp\/v2\/users\/1"}],"replies":[{"embeddable":true,"href":"https:\/\/www.catholicboy.com\/WP\/wp-json\/wp\/v2\/comments?post=8897"}],"version-history":[{"count":2,"href":"https:\/\/www.catholicboy.com\/WP\/wp-json\/wp\/v2\/pages\/8897\/revisions"}],"predecessor-version":[{"id":8901,"href":"https:\/\/www.catholicboy.com\/WP\/wp-json\/wp\/v2\/pages\/8897\/revisions\/8901"}],"up":[{"embeddable":true,"href":"https:\/\/www.catholicboy.com\/WP\/wp-json\/wp\/v2\/pages\/4003"}],"wp:attachment":[{"href":"https:\/\/www.catholicboy.com\/WP\/wp-json\/wp\/v2\/media?parent=8897"}],"wp:term":[{"taxonomy":"folder","embeddable":true,"href":"https:\/\/www.catholicboy.com\/WP\/wp-json\/wp\/v2\/folder?post=8897"}],"curies":[{"name":"wp","href":"https:\/\/api.w.org\/{rel}","templated":true}]}}