{"id":8704,"date":"2025-03-06T23:16:28","date_gmt":"2025-03-07T07:16:28","guid":{"rendered":"https:\/\/www.catholicboy.com\/WP\/works\/literary-works\/translations-foreign-editions\/basketball-diaries-french\/"},"modified":"2025-03-07T01:30:09","modified_gmt":"2025-03-07T09:30:09","slug":"basketball-diaries-french","status":"publish","type":"page","link":"https:\/\/www.catholicboy.com\/WP\/works\/literary-works\/translations-foreign-editions\/basketball-diaries-french\/","title":{"rendered":"Basketball Diaries French"},"content":{"rendered":"<div class=\"wp-block-image\">\n<figure class=\"alignright size-full\"><a href=\"https:\/\/www.catholicboy.com\/WP\/wp-content\/uploads\/2023\/03\/bdfrench.jpg\"><img loading=\"lazy\" decoding=\"async\" width=\"144\" height=\"240\" src=\"https:\/\/www.catholicboy.com\/WP\/wp-content\/uploads\/2023\/03\/bdfrench.jpg\" alt=\"Cover Art\" class=\"wp-image-6704\" srcset=\"https:\/\/www.catholicboy.com\/WP\/wp-content\/uploads\/2023\/03\/bdfrench.jpg 144w, https:\/\/www.catholicboy.com\/WP\/wp-content\/uploads\/2023\/03\/bdfrench-115x192.jpg 115w\" sizes=\"auto, (max-width: 144px) 100vw, 144px\" \/><\/a><figcaption class=\"wp-element-caption\">French Translation of The Basketball Diaries by Jim Carroll<\/figcaption><\/figure>\n<\/div>\n\n\n<p><strong><em>The Basketball Diaries<\/em><br><\/strong>French translation<br>Translated by Thierry Marignac<br>Paris: Editiones 10\/18 Publishers<\/p>\n\n\n\n<p>Based on the <a href=\"https:\/\/www.catholicboy.com\/WP\/works\/literary-works\/diaries-and-fiction-by-jim-carroll\/the-basketball-diaries\/the-basketball-diaries-bantam-edition\/\" data-type=\"page\" data-id=\"8651\">1981 Bantam Books<\/a> edition<\/p>\n\n\n\n<p>See also the&nbsp;<a href=\"https:\/\/www.catholicboy.com\/WP\/works\/literary-works\/translations-foreign-editions\/basketball-diaries-french-1995\/\" data-type=\"page\" data-id=\"8692\">1995 French edition<\/a><\/p>\n\n\n\n<h2 class=\"wp-block-heading\">Excerpt:<\/h2>\n\n\n\n<p class=\"has-vivid-red-color has-text-color has-link-color wp-elements-476e7b874796cedd98935d5fcd5a8b79\">HELP! This got broken! Please <a href=\"https:\/\/www.catholicboy.com\/WP\/questions-and-answers\/jim-carroll-contact-information\/feedback-comments-questions\/\" data-type=\"page\" data-id=\"6984\">help me<\/a> fix it!<\/p>\n\n\n\n<p>Thanks to Marie&nbsp;<a href=\"&#x6d;&#97;i&#x6c;&#116;o&#x3a;&#109;p&#x63;&#64;n&#x61;&#116;&#46;&#x66;&#114;\">Pierre Chalimbaud<\/a>&nbsp;for sharing this translation:<\/p>\n\n\n\n<blockquote class=\"wp-block-quote is-layout-flow wp-block-quote-is-layout-flow\">\n<p><strong>Hiver 1966<\/strong><\/p>\n\n\n\n<p>Plus je lis, plus je ressens le besoin d&#8217;\ufffdcrire, tous les jours un peu plus violemment. Je pense \ufffd la po\ufffdsie et \ufffd mes fa\ufffdons de l&#8217;aborder comme un bloc de pierre brute pr\ufffdt \ufffd \ufffdtre taill\ufffd, comme \ufffda, les mots ne sont jamais une limite d\ufffdsesp\ufffdrante pour moi, simplement des outils \ufffd forger. Les images me viennent du casier qu&#8217;on a tous l\ufffd-haut (\ufffda me vient toujours en images), \ufffd l&#8217;\ufffdtage sup\ufffdrieur du ciboulot, et je les balance comme on pose des briques, des fois proprement, bien align\ufffdes, des fois n&#8217;importe comment, branlantes et pr\ufffdtes \ufffd vous tomber dessus par la suite. Comme une maison dont il faut parfois d\ufffdmolir une pi\ufffdce pour en faire une de dimensions diff\ufffdrentes, ou bien la reconstruire pour que le reste de l&#8217;\ufffddifice tienne debout, prenne un sens &#8230;. ou au contraire n&#8217;en prenne aucun. Et quand c&#8217;est fini, je suis d\ufffdfonc\ufffd comme si j&#8217;avais consomm\ufffd ce qui tra\ufffdne dans vos poches, voyez ?<\/p>\n\n\n\n<p>Il y a ce journal que j&#8217;ai entam\ufffd dont le personnage principal est le plus grand h\ufffdros qu&#8217;on puisse imaginer, ce putain de New York, cette ville en folie. Bient\ufffdt je vais r\ufffdveiller pas mal de mecs en sursaut, et ils vont comprendre, ceux-l\ufffd, dans leurs belles rues bien propres \ufffd doubles garages priv\ufffds, ce qui se passe dehors, dans les impasses et les arri\ufffdre-cours. J&#8217;ai une voie d&#8217;acc\ufffds \ufffd tous vos canaux de communication intimes, les mecs. Je suis qu&#8217;un m\ufffdme d\ufffdgourdi, un peu plus chaque jour, et je prendrai ma revanche sur vous pour les haines stupides que vous l\ufffdguez en h\ufffdritage, pour tous les cauchemars d&#8217;enfants de la guerre que vous avez fait planer sur mon lit taillad\ufffd, ces r\ufffdves de bombes tombant sur la falaise \ufffd laquelle je m&#8217;accroche. Peut-\ufffdtre simplement un livre de huit pages, et chaque fois qu&#8217;on en tourne une, une partie du Pentagone part en fum\ufffde. Ca, c&#8217;est du boulot.<\/p>\n<\/blockquote>\n\n\n\n<p>Thanks to Marie&nbsp;<a href=\"&#x6d;&#x61;&#105;&#108;t&#x6f;&#x3a;&#x6d;&#112;&#99;&#64;&#x6e;&#x61;&#x74;&#46;&#102;r\">Pierre Chalimbaud<\/a>&nbsp;for sharing this translation! I don&#8217;t know French, but if Google Translate is accurate (March 2025) I would say this is a good translation. (I was hoping Google would help me fix the screwy non-English characters here, but no luck. <em>Maybe after another 30 years.<\/em><\/p>\n\n\n\n<hr class=\"wp-block-separator has-alpha-channel-opacity\"\/>\n\n\n\n<p><strong>This excerpt translates the diary on pages 159-160 in the Penguin USA editions:<\/strong><\/p>\n\n\n\n<blockquote class=\"wp-block-quote is-layout-flow wp-block-quote-is-layout-flow\">\n<p><strong>WINTER 66<\/strong><\/p>\n\n\n\n<p>The more I read the more I know it now, heavier each day, that I need to write. I think of poetry and how I see it as just a raw block of stone ready to be shaped, that way words are never a horrible limit to me, just tools to shape. I just get the images from the upstairs vault (it all comes in images), and fling &#8217;em around like bricks, sometimes clean and smooth and sometimes sloppy and ready to fall on top of you later. Like this house where I got to sometimes tear out a room and make it another size or shape so the resk make sense . . . or no sense at all. And when I&#8217;m done I&#8217;m stoned as on whatever you got in your pockets right now, dig?<\/p>\n\n\n\n<p>Now I got these diaries that have the greatest hero a writer needs, this crazy fucking New York. Soon I&#8217;m going to wake a lot of dudes off their asses and let them know what&#8217;s going down in the blind alley out there in the pretty streets with double garages. I got a tap on all your wires, folks. I&#8217;m just a wise ass kid getting wiser and I&#8217;m going to get even for all your dumb hatreds and all them them war baby dreams you left in my scarred bed with bombs falling above them cliffs I&#8217;m hanging steady onto. Maybe someday just an eight-page book, that&#8217;s all, and each time a page gets turned a section of the Pentagon goes blast up in smoke. Solid.<\/p>\n<\/blockquote>\n","protected":false},"excerpt":{"rendered":"<p>The Basketball DiariesFrench translationTranslated by Thierry MarignacParis: Editiones 10\/18 Publishers Based on the 1981 Bantam Books edition See also the&nbsp;1995 French edition Excerpt: HELP! This got broken! Please help me fix it! Thanks to Marie&nbsp;Pierre Chalimbaud&nbsp;for sharing this translation: Hiver 1966 Plus je lis, plus je ressens le besoin d&#8217;\ufffdcrire, tous les jours un peu &hellip; <a href=\"https:\/\/www.catholicboy.com\/WP\/works\/literary-works\/translations-foreign-editions\/basketball-diaries-french\/\" class=\"more-link\">Continue reading <span class=\"screen-reader-text\">Basketball Diaries French<\/span><\/a><\/p>\n","protected":false},"author":1,"featured_media":0,"parent":4779,"menu_order":12,"comment_status":"closed","ping_status":"closed","template":"","meta":{"advanced_seo_description":"","jetpack_seo_html_title":"","jetpack_seo_noindex":false,"jetpack_post_was_ever_published":false,"footnotes":""},"folder":[],"class_list":["post-8704","page","type-page","status-publish","hentry"],"jetpack_sharing_enabled":true,"jetpack_shortlink":"https:\/\/wp.me\/P9VlUH-2go","jetpack_likes_enabled":true,"jetpack-related-posts":[{"id":8692,"url":"https:\/\/www.catholicboy.com\/WP\/works\/literary-works\/translations-foreign-editions\/basketball-diaries-french-1995\/","url_meta":{"origin":8704,"position":0},"title":"Basketball Diaries French (1995)","author":"Cassie Carter","date":"March 6, 2025","format":false,"excerpt":"French Translation of The Basketball Diaries by Jim Carroll The Basketball DiariesFrench translationTranslated by Thierry MarignacParis: Editiones 10\/18 Publishers1995 edition See also the\u00a0First French edition Thanks to Marie\u00a0Pierre Chalimbaud\u00a0for sharing this translation! I'm guessing this is just a film tie-in with just a cover change, but I would love to\u2026","rel":"","context":"Similar post","block_context":{"text":"Similar post","link":""},"img":{"alt_text":"Cover Art","src":"https:\/\/i0.wp.com\/www.catholicboy.com\/WP\/wp-content\/uploads\/2023\/03\/bdfrench95a.jpg?resize=350%2C200&ssl=1","width":350,"height":200},"classes":[]},{"id":4779,"url":"https:\/\/www.catholicboy.com\/WP\/works\/literary-works\/translations-foreign-editions\/","url_meta":{"origin":8704,"position":1},"title":"Translations &#038; Foreign Editions","author":"Cassie Carter","date":"January 10, 2022","format":false,"excerpt":"These are the translations and (non-USA) foreign editions of Carroll's works that I am aware of. Please send me details if you know of others! Jim Entra Nel Campo Di Basket: Diario Di Un Adolescente Nelle Strade Di New York(\"Jim on the Basketball Court: Diary of an Adolescent on the\u2026","rel":"","context":"Similar post","block_context":{"text":"Similar post","link":""},"img":{"alt_text":"","src":"https:\/\/i0.wp.com\/www.catholicboy.com\/WP\/wp-content\/uploads\/2025\/03\/algunos-poemas-de-jim-carroll-2016.jpg?resize=350%2C200&ssl=1","width":350,"height":200,"srcset":"https:\/\/i0.wp.com\/www.catholicboy.com\/WP\/wp-content\/uploads\/2025\/03\/algunos-poemas-de-jim-carroll-2016.jpg?resize=350%2C200&ssl=1 1x, https:\/\/i0.wp.com\/www.catholicboy.com\/WP\/wp-content\/uploads\/2025\/03\/algunos-poemas-de-jim-carroll-2016.jpg?resize=525%2C300&ssl=1 1.5x, https:\/\/i0.wp.com\/www.catholicboy.com\/WP\/wp-content\/uploads\/2025\/03\/algunos-poemas-de-jim-carroll-2016.jpg?resize=700%2C400&ssl=1 2x"},"classes":[]},{"id":576,"url":"https:\/\/www.catholicboy.com\/WP\/works\/literary-works\/diaries-and-fiction-by-jim-carroll\/the-basketball-diaries\/","url_meta":{"origin":8704,"position":2},"title":"The Basketball Diaries: Editions","author":"Cassie Carter","date":"August 15, 2021","format":false,"excerpt":"Carroll wrote his autobiographical tales of \"growing up hip\" on New York's mean streets\" between the ages of 12 and 16, from 1962 to 1966. Carroll earned a scholarship to a posh private school (see\u00a0Trinity Yearbook page) and spent his time playing basketball, stealing, hustling gay men to support his\u2026","rel":"","context":"Similar post","block_context":{"text":"Similar post","link":""},"img":{"alt_text":"","src":"https:\/\/i0.wp.com\/www.catholicboy.com\/WP\/wp-content\/uploads\/2021\/08\/bd1cov.jpg?resize=350%2C200&ssl=1","width":350,"height":200},"classes":[]},{"id":6830,"url":"https:\/\/www.catholicboy.com\/WP\/works\/literary-works\/translations-foreign-editions\/downtown-diaries-french-translation-of-forced-entries-2015\/","url_meta":{"origin":8704,"position":3},"title":"Downtown Diaries: French Translation of Forced Entries 2015","author":"Cassie Carter","date":"March 23, 2023","format":false,"excerpt":"French Translation of Forced Entries by Jim Carroll French Translation of Forced Entries by Jim Carroll From Amazon Sweden: Downtown Diaries Pocketbok \u2013 Stor bok, 9 September 2015Franska utg\u00e5van av Jim Carroll (F\u00f6rfattare), J\u00e9r\u00f4me Schmidt (\u00d6vers\u00e4ttare) Auteur de Basketball Diaries, Jim Carroll, a \u00e9t\u00e9 l'une des figures centrales du New\u2026","rel":"","context":"Similar post","block_context":{"text":"Similar post","link":""},"img":{"alt_text":"Cover Art","src":"https:\/\/i0.wp.com\/www.catholicboy.com\/WP\/wp-content\/uploads\/2023\/03\/fe_sweden-front-110x150.jpg?resize=350%2C200&ssl=1","width":350,"height":200},"classes":[]},{"id":3993,"url":"https:\/\/www.catholicboy.com\/WP\/works\/literary-works\/diaries-and-fiction-by-jim-carroll\/the-basketball-diaries\/the-basketball-diaries-5th-ed\/","url_meta":{"origin":8704,"position":4},"title":"The Basketball Diaries (5th Edition)","author":"Cassie Carter","date":"January 10, 2022","format":false,"excerpt":"The Basketball Diaries5th EditionBy:\u00a0Jim CarrollPublished:\u00a01998Publisher:\u00a0PenguinFormat:\u00a0PaperbackCover photo:\u00a0Michael ZagarisCover design:\u00a0Edward ODowd The fifth edition of\u00a0The Basketball Diaries\u00a0uses a blue-tinted, closeup version of the same photo used on the\u00a0audiobook\u00a0version, and from the same photo session as the\u00a01980 Bantam (2nd) edition. This edition was issued simultaneously with the\u00a0second edition of Forced Entries. See Also\u2026","rel":"","context":"Similar post","block_context":{"text":"Similar post","link":""},"img":{"alt_text":"Cover Art: The Basketball Diaries (1998 edition) - By Jim Carroll","src":"https:\/\/i0.wp.com\/www.catholicboy.com\/WP\/wp-content\/uploads\/2021\/08\/bd5.jpg?resize=350%2C200&ssl=1","width":350,"height":200},"classes":[]},{"id":8651,"url":"https:\/\/www.catholicboy.com\/WP\/works\/literary-works\/diaries-and-fiction-by-jim-carroll\/the-basketball-diaries\/the-basketball-diaries-bantam-edition\/","url_meta":{"origin":8704,"position":5},"title":"The Basketball Diaries (Bantam Edition)","author":"Cassie Carter","date":"March 6, 2025","format":false,"excerpt":"The Basketball DiariesSecond EditionBy: Jim CarrollPublished: 1980Publisher: BantamFormat: PaperbackCover photograph: Michael Zagaris The Bantam edition was released alongside the Jim Carroll Band's first album,\u00a0Catholic Boy, and features a cover blurb by Frank Zappa. The jacket photo is from the same photo session as the cover photos on the\u00a01998 edition\u00a0and\u00a0audiobook\u00a0of\u00a0The Basketball\u2026","rel":"","context":"Similar post","block_context":{"text":"Similar post","link":""},"img":{"alt_text":"","src":"https:\/\/i0.wp.com\/www.catholicboy.com\/WP\/wp-content\/uploads\/2021\/08\/bd_bantam.jpg?resize=350%2C200&ssl=1","width":350,"height":200},"classes":[]}],"_links":{"self":[{"href":"https:\/\/www.catholicboy.com\/WP\/wp-json\/wp\/v2\/pages\/8704","targetHints":{"allow":["GET"]}}],"collection":[{"href":"https:\/\/www.catholicboy.com\/WP\/wp-json\/wp\/v2\/pages"}],"about":[{"href":"https:\/\/www.catholicboy.com\/WP\/wp-json\/wp\/v2\/types\/page"}],"author":[{"embeddable":true,"href":"https:\/\/www.catholicboy.com\/WP\/wp-json\/wp\/v2\/users\/1"}],"replies":[{"embeddable":true,"href":"https:\/\/www.catholicboy.com\/WP\/wp-json\/wp\/v2\/comments?post=8704"}],"version-history":[{"count":10,"href":"https:\/\/www.catholicboy.com\/WP\/wp-json\/wp\/v2\/pages\/8704\/revisions"}],"predecessor-version":[{"id":8752,"href":"https:\/\/www.catholicboy.com\/WP\/wp-json\/wp\/v2\/pages\/8704\/revisions\/8752"}],"up":[{"embeddable":true,"href":"https:\/\/www.catholicboy.com\/WP\/wp-json\/wp\/v2\/pages\/4779"}],"wp:attachment":[{"href":"https:\/\/www.catholicboy.com\/WP\/wp-json\/wp\/v2\/media?parent=8704"}],"wp:term":[{"taxonomy":"folder","embeddable":true,"href":"https:\/\/www.catholicboy.com\/WP\/wp-json\/wp\/v2\/folder?post=8704"}],"curies":[{"name":"wp","href":"https:\/\/api.w.org\/{rel}","templated":true}]}}