{"id":8700,"date":"2025-03-06T23:13:37","date_gmt":"2025-03-07T07:13:37","guid":{"rendered":"https:\/\/www.catholicboy.com\/WP\/works\/literary-works\/translations-foreign-editions\/basketball-diaries-spain\/"},"modified":"2025-03-07T00:37:14","modified_gmt":"2025-03-07T08:37:14","slug":"basketball-diaries-spain","status":"publish","type":"page","link":"https:\/\/www.catholicboy.com\/WP\/works\/literary-works\/translations-foreign-editions\/basketball-diaries-spain\/","title":{"rendered":"Basketball Diaries Spain"},"content":{"rendered":"<div class=\"wp-block-image\">\n<figure class=\"alignright size-full\"><img loading=\"lazy\" decoding=\"async\" width=\"248\" height=\"400\" src=\"https:\/\/www.catholicboy.com\/WP\/wp-content\/uploads\/2023\/03\/BDstarbooks.jpg\" alt=\"Cover Art\" class=\"wp-image-6711\" srcset=\"https:\/\/www.catholicboy.com\/WP\/wp-content\/uploads\/2023\/03\/BDstarbooks.jpg 248w, https:\/\/www.catholicboy.com\/WP\/wp-content\/uploads\/2023\/03\/BDstarbooks-186x300.jpg 186w, https:\/\/www.catholicboy.com\/WP\/wp-content\/uploads\/2023\/03\/BDstarbooks-119x192.jpg 119w\" sizes=\"auto, (max-width: 248px) 100vw, 248px\" \/><figcaption class=\"wp-element-caption\">Spanish Translation of <em>The Basketball Diaries<\/em> by Jim Carroll<\/figcaption><\/figure>\n<\/div>\n\n\n<p><a href=\"https:\/\/www.catholicboy.com\/WP\/works\/literary-works\/translations-foreign-editions\/basketball-diaries-spain\/\" data-type=\"page\" data-id=\"8700\"><span class=\"ext-worktitle\"><em><strong>Basketball Diary<\/strong><\/em><\/span><\/a><br>By Jim Carroll<br>Translated by Ricardo Gonz\u00e1lez Bertazioli<br>Producciones Editoriales, Barcelona, 1982.<\/p>\n\n\n\n<h2 class=\"wp-block-heading\">Excerpt:<\/h2>\n\n\n\n<blockquote class=\"wp-block-quote is-layout-flow wp-block-quote-is-layout-flow\">\n<p>Esta noche, estoy subiendo a la zona con el tren &#8220;A&#8221; de Harlem. Est\u00e1 la t\u00eda esa, el tipo aut\u00e9ntico de azafata-secretaria, sentada con las piernas tan generosamente abiertas que veo sus bragas azul claro&#8230; Acabo por levantarme, voy hacia ella, y le ruego que, por favor, cierre sus piernas, dici\u00e9ndole que apenas tengo quince a\u00f1os y que me est\u00e1 confundiendo y que aquello es una guarrada, francamente.<\/p>\n\n\n\n<hr class=\"wp-block-separator has-alpha-channel-opacity\"\/>\n<\/blockquote>\n\n\n\n<p>This isn&#8217;t the usual selection I use, but I was happy to make use of my many years of Spanish classes to ID it. Er &#8230; a lot has been omitted in the translation.<\/p>\n\n\n\n<p><strong>SUMMER 65<\/strong><\/p>\n\n\n\n<p>I&#8217;m riding the &#8220;A&#8221; train tonight, half on the nod and half trying to read a sports magazine. There&#8217;s this chick that gets on  at 175th St., a real secretary-stewardess type with big tits and the beehive hair job. she&#8217;s right across the way from me, hardly any people in the car, and here she is tossing this spread toward me so wide I can see her powder blue panties. What do these faces want out of me, an athletic youth trying to enjoy a nice heroin head and harmless magazine? Finally I got up and went over to her and asked her if she could please close her legs, I&#8217;m barely fifteen years old and it&#8217;s distracting and, frankly, lewd. Then I went over and sat down again.<\/p>\n\n\n\n<hr class=\"wp-block-separator has-alpha-channel-opacity\"\/>\n\n\n\n<p>I&#8217;m lazy, so here&#8217;s how Google Translated the Spanish translation back to English:<\/p>\n\n\n\n<blockquote class=\"wp-block-quote is-layout-flow wp-block-quote-is-layout-flow\">\n<p>Tonight, I&#8217;m getting on the &#8220;A&#8221; train from Harlem. There&#8217;s this chick, the real stewardess-secretary type, sitting with her legs so wide open that I can see her light blue panties\u2026 I finally get up, go over to her, and beg her to please close her legs, telling her that I&#8217;m barely fifteen and she&#8217;s confusing me and that this is just filthy, frankly.<\/p>\n<\/blockquote>\n\n\n\n<p><em>Kinda misses something, doesn&#8217;t it?<\/em><\/p>\n","protected":false},"excerpt":{"rendered":"<p>Basketball DiaryBy Jim CarrollTranslated by Ricardo Gonz\u00e1lez BertazioliProducciones Editoriales, Barcelona, 1982. Excerpt: This isn&#8217;t the usual selection I use, but I was happy to make use of my many years of Spanish classes to ID it. Er &#8230; a lot has been omitted in the translation. SUMMER 65 I&#8217;m riding the &#8220;A&#8221; train tonight, half &hellip; <a href=\"https:\/\/www.catholicboy.com\/WP\/works\/literary-works\/translations-foreign-editions\/basketball-diaries-spain\/\" class=\"more-link\">Continue reading <span class=\"screen-reader-text\">Basketball Diaries Spain<\/span><\/a><\/p>\n","protected":false},"author":1,"featured_media":0,"parent":4779,"menu_order":11,"comment_status":"closed","ping_status":"closed","template":"","meta":{"advanced_seo_description":"","jetpack_seo_html_title":"","jetpack_seo_noindex":false,"jetpack_post_was_ever_published":false,"footnotes":""},"folder":[],"class_list":["post-8700","page","type-page","status-publish","hentry"],"jetpack_sharing_enabled":true,"jetpack_shortlink":"https:\/\/wp.me\/P9VlUH-2gk","jetpack_likes_enabled":true,"jetpack-related-posts":[{"id":3993,"url":"https:\/\/www.catholicboy.com\/WP\/works\/literary-works\/diaries-and-fiction-by-jim-carroll\/the-basketball-diaries\/the-basketball-diaries-5th-ed\/","url_meta":{"origin":8700,"position":0},"title":"The Basketball Diaries (5th Edition)","author":"Cassie Carter","date":"January 10, 2022","format":false,"excerpt":"The Basketball Diaries5th EditionBy:\u00a0Jim CarrollPublished:\u00a01998Publisher:\u00a0PenguinFormat:\u00a0PaperbackCover photo:\u00a0Michael ZagarisCover design:\u00a0Edward ODowd The fifth edition of\u00a0The Basketball Diaries\u00a0uses a blue-tinted, closeup version of the same photo used on the\u00a0audiobook\u00a0version, and from the same photo session as the\u00a01980 Bantam (2nd) edition. This edition was issued simultaneously with the\u00a0second edition of Forced Entries. See Also\u2026","rel":"","context":"Similar post","block_context":{"text":"Similar post","link":""},"img":{"alt_text":"Cover Art: The Basketball Diaries (1998 edition) - By Jim Carroll","src":"https:\/\/i0.wp.com\/www.catholicboy.com\/WP\/wp-content\/uploads\/2021\/08\/bd5.jpg?resize=350%2C200&ssl=1","width":350,"height":200},"classes":[]},{"id":8651,"url":"https:\/\/www.catholicboy.com\/WP\/works\/literary-works\/diaries-and-fiction-by-jim-carroll\/the-basketball-diaries\/the-basketball-diaries-bantam-edition\/","url_meta":{"origin":8700,"position":1},"title":"The Basketball Diaries (Bantam Edition)","author":"Cassie Carter","date":"March 6, 2025","format":false,"excerpt":"The Basketball DiariesSecond EditionBy: Jim CarrollPublished: 1980Publisher: BantamFormat: PaperbackCover photograph: Michael Zagaris The Bantam edition was released alongside the Jim Carroll Band's first album,\u00a0Catholic Boy, and features a cover blurb by Frank Zappa. The jacket photo is from the same photo session as the cover photos on the\u00a01998 edition\u00a0and\u00a0audiobook\u00a0of\u00a0The Basketball\u2026","rel":"","context":"Similar post","block_context":{"text":"Similar post","link":""},"img":{"alt_text":"","src":"https:\/\/i0.wp.com\/www.catholicboy.com\/WP\/wp-content\/uploads\/2021\/08\/bd_bantam.jpg?resize=350%2C200&ssl=1","width":350,"height":200},"classes":[]},{"id":8657,"url":"https:\/\/www.catholicboy.com\/WP\/works\/literary-works\/diaries-and-fiction-by-jim-carroll\/the-basketball-diaries\/the-basketball-diaries-1995-film-tie-in\/","url_meta":{"origin":8700,"position":2},"title":"The Basketball Diaries (1995 Film Tie-In)","author":"Cassie Carter","date":"March 6, 2025","format":false,"excerpt":"The Basketball Diaries: Fourth EditionBy: Jim CarrollPublished: 1995Publisher: PenguinFormat: PaperbackCover photograph: Leonardo DiCaprio by John Clifford The 1995 Penguin edition of\u00a0The Basketball Diaries\u00a0is a tie-in with the\u00a01995 film starring Leonardo DiCaprio. The cover features photo of Leonardo DiCaprio (by John Clifford. Film credits and a new blurb are on the\u2026","rel":"","context":"Similar post","block_context":{"text":"Similar post","link":""},"img":{"alt_text":"","src":"https:\/\/i0.wp.com\/www.catholicboy.com\/WP\/wp-content\/uploads\/2021\/08\/bd4cov.jpg?resize=350%2C200&ssl=1","width":350,"height":200},"classes":[]},{"id":4779,"url":"https:\/\/www.catholicboy.com\/WP\/works\/literary-works\/translations-foreign-editions\/","url_meta":{"origin":8700,"position":3},"title":"Translations &#038; Foreign Editions","author":"Cassie Carter","date":"January 10, 2022","format":false,"excerpt":"These are the translations and (non-USA) foreign editions of Carroll's works that I am aware of. Please send me details if you know of others! Jim Entra Nel Campo Di Basket: Diario Di Un Adolescente Nelle Strade Di New York(\"Jim on the Basketball Court: Diary of an Adolescent on the\u2026","rel":"","context":"Similar post","block_context":{"text":"Similar post","link":""},"img":{"alt_text":"","src":"https:\/\/i0.wp.com\/www.catholicboy.com\/WP\/wp-content\/uploads\/2025\/03\/algunos-poemas-de-jim-carroll-2016.jpg?resize=350%2C200&ssl=1","width":350,"height":200,"srcset":"https:\/\/i0.wp.com\/www.catholicboy.com\/WP\/wp-content\/uploads\/2025\/03\/algunos-poemas-de-jim-carroll-2016.jpg?resize=350%2C200&ssl=1 1x, https:\/\/i0.wp.com\/www.catholicboy.com\/WP\/wp-content\/uploads\/2025\/03\/algunos-poemas-de-jim-carroll-2016.jpg?resize=525%2C300&ssl=1 1.5x, https:\/\/i0.wp.com\/www.catholicboy.com\/WP\/wp-content\/uploads\/2025\/03\/algunos-poemas-de-jim-carroll-2016.jpg?resize=700%2C400&ssl=1 2x"},"classes":[]},{"id":8855,"url":"https:\/\/www.catholicboy.com\/WP\/works\/jim-carroll-music-and-spoken-word\/spoken-word-lecture-recordings-by-jim-carroll\/basketball-diaries-audio-literature\/","url_meta":{"origin":8700,"position":4},"title":"The Basketball Diaries (Audio Literature)","author":"Cassie Carter","date":"March 7, 2025","format":false,"excerpt":"Cover Art: The Basketball Diaries Audiobook The Basketball DiariesBy:\u00a0Jim CarrollRead by:\u00a0Jim CarrollPublished:\u00a01995Publisher:\u00a0Audio LiteratureFormat:\u00a0audio cassetteCover photo:\u00a0Michael ZagarisMusic by:\u00a0Lenny Kaye In this Audio Literature presentation, consisting of two audiotapes, Jim Carroll reads his cult classic book\u00a0The Basketball Diaries, which he wrote between the ages of 12 and 16, from 1962 to 1966.\u2026","rel":"","context":"Similar post","block_context":{"text":"Similar post","link":""},"img":{"alt_text":"Cover Art: The Basketball Diaries Audiobook","src":"https:\/\/i0.wp.com\/www.catholicboy.com\/WP\/wp-content\/uploads\/2021\/08\/bdaudio.jpg?resize=350%2C200&ssl=1","width":350,"height":200},"classes":[]},{"id":8653,"url":"https:\/\/www.catholicboy.com\/WP\/works\/literary-works\/diaries-and-fiction-by-jim-carroll\/the-basketball-diaries\/the-basketball-diaries-1987-penguin-edition\/","url_meta":{"origin":8700,"position":5},"title":"The Basketball Diaries (1987 Penguin Edition)","author":"Cassie Carter","date":"March 6, 2025","format":false,"excerpt":"The Basketball DiariesThird EditionBy: Jim CarrollRepublished: 1987Publisher: PenguinFormat: PaperbackCover photograph: Rosemary CarrollCover design:\u00a0Melissa JacobyHand-coloring:\u00a0Neil Stuart The Penguin (third) edition of\u00a0The Basketball Diaries\u00a0uses Rosemary Klemfuss\/Carroll's photograph of Carroll--the same photograph used for the first edition--but the art direction is different and the photo background is \"colorized.\" It has no blurbs. See\u2026","rel":"","context":"Similar post","block_context":{"text":"Similar post","link":""},"img":{"alt_text":"","src":"https:\/\/i0.wp.com\/www.catholicboy.com\/WP\/wp-content\/uploads\/2021\/08\/bd3cov.jpg?resize=350%2C200&ssl=1","width":350,"height":200},"classes":[]}],"_links":{"self":[{"href":"https:\/\/www.catholicboy.com\/WP\/wp-json\/wp\/v2\/pages\/8700","targetHints":{"allow":["GET"]}}],"collection":[{"href":"https:\/\/www.catholicboy.com\/WP\/wp-json\/wp\/v2\/pages"}],"about":[{"href":"https:\/\/www.catholicboy.com\/WP\/wp-json\/wp\/v2\/types\/page"}],"author":[{"embeddable":true,"href":"https:\/\/www.catholicboy.com\/WP\/wp-json\/wp\/v2\/users\/1"}],"replies":[{"embeddable":true,"href":"https:\/\/www.catholicboy.com\/WP\/wp-json\/wp\/v2\/comments?post=8700"}],"version-history":[{"count":2,"href":"https:\/\/www.catholicboy.com\/WP\/wp-json\/wp\/v2\/pages\/8700\/revisions"}],"predecessor-version":[{"id":8736,"href":"https:\/\/www.catholicboy.com\/WP\/wp-json\/wp\/v2\/pages\/8700\/revisions\/8736"}],"up":[{"embeddable":true,"href":"https:\/\/www.catholicboy.com\/WP\/wp-json\/wp\/v2\/pages\/4779"}],"wp:attachment":[{"href":"https:\/\/www.catholicboy.com\/WP\/wp-json\/wp\/v2\/media?parent=8700"}],"wp:term":[{"taxonomy":"folder","embeddable":true,"href":"https:\/\/www.catholicboy.com\/WP\/wp-json\/wp\/v2\/folder?post=8700"}],"curies":[{"name":"wp","href":"https:\/\/api.w.org\/{rel}","templated":true}]}}