{"id":8696,"date":"2025-03-06T23:11:06","date_gmt":"2025-03-07T07:11:06","guid":{"rendered":"https:\/\/www.catholicboy.com\/WP\/works\/literary-works\/translations-foreign-editions\/basketball-diaries-german\/"},"modified":"2025-03-06T23:52:20","modified_gmt":"2025-03-07T07:52:20","slug":"basketball-diaries-german","status":"publish","type":"page","link":"https:\/\/www.catholicboy.com\/WP\/works\/literary-works\/translations-foreign-editions\/basketball-diaries-german\/","title":{"rendered":"Basketball Diaries German"},"content":{"rendered":"<div class=\"wp-block-image\">\n<figure class=\"alignright size-full\"><img loading=\"lazy\" decoding=\"async\" width=\"260\" height=\"411\" src=\"https:\/\/www.catholicboy.com\/WP\/wp-content\/uploads\/2025\/03\/in_den_strassen_von_new_york.webp\" alt=\"\" class=\"wp-image-8721\" srcset=\"https:\/\/www.catholicboy.com\/WP\/wp-content\/uploads\/2025\/03\/in_den_strassen_von_new_york.webp 260w, https:\/\/www.catholicboy.com\/WP\/wp-content\/uploads\/2025\/03\/in_den_strassen_von_new_york-190x300.webp 190w, https:\/\/www.catholicboy.com\/WP\/wp-content\/uploads\/2025\/03\/in_den_strassen_von_new_york-95x150.webp 95w, https:\/\/www.catholicboy.com\/WP\/wp-content\/uploads\/2025\/03\/in_den_strassen_von_new_york-121x192.webp 121w\" sizes=\"auto, (max-width: 260px) 100vw, 260px\" \/><figcaption class=\"wp-element-caption\"><em>In den Strassen von New York<\/em>: German Translation of <em>The Basketball Diaries<\/em> by Jim Carroll<\/figcaption><\/figure>\n<\/div>\n\n\n<p><em><span class=\"ext-worktitle\"><strong>In den Stra\u00dfen von New York<\/strong><\/span><br><\/em>(<em>&#8220;In the Streets of New York&#8221;<\/em>)<br>German translation of <em>The Basketball Diaries<\/em><br>Munich: Piper Books 1995<br>Gmd H. &amp; Co.<br>KG, Munich<br>Try<a href=\"http:\/\/www.amazon.de\/\"> www.amazon.de<\/a><\/p>\n\n\n\n<p>This looks to me like a reissue with a film tie-in cover, but I have no information about this translation except what I found here (and can&#8217;t read):<\/p>\n\n\n\n<p><a href=\"http:\/\/www.amazon.de\/exec\/obidos\/ASIN\/3492221696\" target=\"_blank\" rel=\"noreferrer noopener\">http:\/\/www.amazon.de\/exec\/obidos\/ASIN\/3492221696<\/a><\/p>\n\n\n\n<p>Please\u00a0<a href=\"https:\/\/www.catholicboy.com\/WP\/questions-and-answers\/jim-carroll-contact-information\/feedback-comments-questions\/\" data-type=\"page\" data-id=\"6984\">let me know<\/a>\u00a0if you have info about this translation. I would love to have:<\/p>\n\n\n\n<ul class=\"wp-block-list\">\n<li>Publication details<\/li>\n\n\n\n<li>Better cover art (front and back)<\/li>\n\n\n\n<li>Excerpt of &#8220;the usual&#8221; entry that includes both prose and poetry<\/li>\n\n\n\n<li>Any pertinent  editorial details<\/li>\n<\/ul>\n\n\n\n<p><\/p>\n","protected":false},"excerpt":{"rendered":"<p>In den Stra\u00dfen von New York(&#8220;In the Streets of New York&#8221;)German translation of The Basketball DiariesMunich: Piper Books 1995Gmd H. &amp; Co.KG, MunichTry www.amazon.de This looks to me like a reissue with a film tie-in cover, but I have no information about this translation except what I found here (and can&#8217;t read): http:\/\/www.amazon.de\/exec\/obidos\/ASIN\/3492221696 Please\u00a0let me &hellip; <a href=\"https:\/\/www.catholicboy.com\/WP\/works\/literary-works\/translations-foreign-editions\/basketball-diaries-german\/\" class=\"more-link\">Continue reading <span class=\"screen-reader-text\">Basketball Diaries German<\/span><\/a><\/p>\n","protected":false},"author":1,"featured_media":0,"parent":4779,"menu_order":9,"comment_status":"closed","ping_status":"closed","template":"","meta":{"advanced_seo_description":"","jetpack_seo_html_title":"","jetpack_seo_noindex":false,"jetpack_post_was_ever_published":false,"footnotes":""},"folder":[],"class_list":["post-8696","page","type-page","status-publish","hentry"],"jetpack_sharing_enabled":true,"jetpack_shortlink":"https:\/\/wp.me\/P9VlUH-2gg","jetpack_likes_enabled":true,"jetpack-related-posts":[{"id":4779,"url":"https:\/\/www.catholicboy.com\/WP\/works\/literary-works\/translations-foreign-editions\/","url_meta":{"origin":8696,"position":0},"title":"Translations &#038; Foreign Editions","author":"Cassie Carter","date":"January 10, 2022","format":false,"excerpt":"These are the translations and (non-USA) foreign editions of Carroll's works that I am aware of. Please send me details if you know of others! Jim Entra Nel Campo Di Basket: Diario Di Un Adolescente Nelle Strade Di New York(\"Jim on the Basketball Court: Diary of an Adolescent on the\u2026","rel":"","context":"Similar post","block_context":{"text":"Similar post","link":""},"img":{"alt_text":"","src":"https:\/\/i0.wp.com\/www.catholicboy.com\/WP\/wp-content\/uploads\/2025\/03\/algunos-poemas-de-jim-carroll-2016.jpg?resize=350%2C200&ssl=1","width":350,"height":200,"srcset":"https:\/\/i0.wp.com\/www.catholicboy.com\/WP\/wp-content\/uploads\/2025\/03\/algunos-poemas-de-jim-carroll-2016.jpg?resize=350%2C200&ssl=1 1x, https:\/\/i0.wp.com\/www.catholicboy.com\/WP\/wp-content\/uploads\/2025\/03\/algunos-poemas-de-jim-carroll-2016.jpg?resize=525%2C300&ssl=1 1.5x, https:\/\/i0.wp.com\/www.catholicboy.com\/WP\/wp-content\/uploads\/2025\/03\/algunos-poemas-de-jim-carroll-2016.jpg?resize=700%2C400&ssl=1 2x"},"classes":[]},{"id":6830,"url":"https:\/\/www.catholicboy.com\/WP\/works\/literary-works\/translations-foreign-editions\/downtown-diaries-french-translation-of-forced-entries-2015\/","url_meta":{"origin":8696,"position":1},"title":"Downtown Diaries: French Translation of Forced Entries 2015","author":"Cassie Carter","date":"March 23, 2023","format":false,"excerpt":"French Translation of Forced Entries by Jim Carroll French Translation of Forced Entries by Jim Carroll From Amazon Sweden: Downtown Diaries Pocketbok \u2013 Stor bok, 9 September 2015Franska utg\u00e5van av Jim Carroll (F\u00f6rfattare), J\u00e9r\u00f4me Schmidt (\u00d6vers\u00e4ttare) Auteur de Basketball Diaries, Jim Carroll, a \u00e9t\u00e9 l'une des figures centrales du New\u2026","rel":"","context":"Similar post","block_context":{"text":"Similar post","link":""},"img":{"alt_text":"Cover Art","src":"https:\/\/i0.wp.com\/www.catholicboy.com\/WP\/wp-content\/uploads\/2023\/03\/fe_sweden-front-110x150.jpg?resize=350%2C200&ssl=1","width":350,"height":200},"classes":[]},{"id":8694,"url":"https:\/\/www.catholicboy.com\/WP\/works\/literary-works\/translations-foreign-editions\/basketball-diaries-japanese\/","url_meta":{"origin":8696,"position":2},"title":"Basketball Diaries Japanese","author":"Cassie Carter","date":"March 6, 2025","format":false,"excerpt":"Japanese Translation of The Basketball Diaries by Jim Carroll Japanese translation of\u00a0The Basketball DiariesShobun-sha (Tokyo), 1982Based on the 1978 Tombouctou edition. Excerpt This translation includes Tom Clark's introduction.","rel":"","context":"Similar post","block_context":{"text":"Similar post","link":""},"img":{"alt_text":"Cover Art","src":"https:\/\/i0.wp.com\/www.catholicboy.com\/WP\/wp-content\/uploads\/2023\/03\/bdjapan.jpg?resize=350%2C200&ssl=1","width":350,"height":200},"classes":[]},{"id":8692,"url":"https:\/\/www.catholicboy.com\/WP\/works\/literary-works\/translations-foreign-editions\/basketball-diaries-french-1995\/","url_meta":{"origin":8696,"position":3},"title":"Basketball Diaries French (1995)","author":"Cassie Carter","date":"March 6, 2025","format":false,"excerpt":"French Translation of The Basketball Diaries by Jim Carroll The Basketball DiariesFrench translationTranslated by Thierry MarignacParis: Editiones 10\/18 Publishers1995 edition See also the\u00a0First French edition Thanks to Marie\u00a0Pierre Chalimbaud\u00a0for sharing this translation! I'm guessing this is just a film tie-in with just a cover change, but I would love to\u2026","rel":"","context":"Similar post","block_context":{"text":"Similar post","link":""},"img":{"alt_text":"Cover Art","src":"https:\/\/i0.wp.com\/www.catholicboy.com\/WP\/wp-content\/uploads\/2023\/03\/bdfrench95a.jpg?resize=350%2C200&ssl=1","width":350,"height":200},"classes":[]},{"id":4647,"url":"https:\/\/www.catholicboy.com\/WP\/works\/literary-works\/translations-foreign-editions\/russian-translation-of-bbd\/","url_meta":{"origin":8696,"position":4},"title":"Russian Translation of BBD","author":"catholicboy.com","date":"January 10, 2022","format":false,"excerpt":"Cover Art: Russian Translation of The Basketball Diaries by Jim Carroll Russian translation of The Basketball DiariesBy Jim CarrollTranslated by Ekaterina MatveevaAlex Kervey, Editor-in-ChiefMoscow: Adaptec, T-ough Press \/ AST, 2005 Excerpt: From The Basketball Diaries, Penguin Edition (1987), pages 140-41. Fall 1965 A note found on one of those little\u2026","rel":"","context":"Similar post","block_context":{"text":"Similar post","link":""},"img":{"alt_text":"Sample of Russian translation","src":"https:\/\/i0.wp.com\/www.catholicboy.com\/WP\/wp-content\/uploads\/2023\/03\/bdrussian_excerpt.gif?resize=350%2C200&ssl=1","width":350,"height":200},"classes":[]},{"id":7299,"url":"https:\/\/www.catholicboy.com\/WP\/works\/literary-works\/translations-foreign-editions\/klein-new-yorker-oden\/","url_meta":{"origin":8696,"position":5},"title":"Klein New Yorker Oden","author":"Cassie Carter","date":"April 5, 2023","format":false,"excerpt":"Klein New Yorker Oden(\u201cLittle New York Ode\u201d)German translation of selected poems from\u00a0Living at the MoviesTranslated by Michael Z\u00f6llnerTropen Verlag, 1996 You may be able to find this at\u00a0www.amazon.de Excerpt: Help! This got broken and I need help fixing it! Syksy 65 Viesti jonka l\ufffdysin kirjoitettuna yhdelle niist\ufffd muistilapuista joita saa\u2026","rel":"","context":"Similar post","block_context":{"text":"Similar post","link":""},"img":{"alt_text":"","src":"https:\/\/i0.wp.com\/www.catholicboy.com\/WP\/wp-content\/uploads\/2025\/03\/german-lm.jpg?resize=350%2C200&ssl=1","width":350,"height":200},"classes":[]}],"_links":{"self":[{"href":"https:\/\/www.catholicboy.com\/WP\/wp-json\/wp\/v2\/pages\/8696","targetHints":{"allow":["GET"]}}],"collection":[{"href":"https:\/\/www.catholicboy.com\/WP\/wp-json\/wp\/v2\/pages"}],"about":[{"href":"https:\/\/www.catholicboy.com\/WP\/wp-json\/wp\/v2\/types\/page"}],"author":[{"embeddable":true,"href":"https:\/\/www.catholicboy.com\/WP\/wp-json\/wp\/v2\/users\/1"}],"replies":[{"embeddable":true,"href":"https:\/\/www.catholicboy.com\/WP\/wp-json\/wp\/v2\/comments?post=8696"}],"version-history":[{"count":3,"href":"https:\/\/www.catholicboy.com\/WP\/wp-json\/wp\/v2\/pages\/8696\/revisions"}],"predecessor-version":[{"id":8726,"href":"https:\/\/www.catholicboy.com\/WP\/wp-json\/wp\/v2\/pages\/8696\/revisions\/8726"}],"up":[{"embeddable":true,"href":"https:\/\/www.catholicboy.com\/WP\/wp-json\/wp\/v2\/pages\/4779"}],"wp:attachment":[{"href":"https:\/\/www.catholicboy.com\/WP\/wp-json\/wp\/v2\/media?parent=8696"}],"wp:term":[{"taxonomy":"folder","embeddable":true,"href":"https:\/\/www.catholicboy.com\/WP\/wp-json\/wp\/v2\/folder?post=8696"}],"curies":[{"name":"wp","href":"https:\/\/api.w.org\/{rel}","templated":true}]}}