{"id":8694,"date":"2025-03-06T23:08:10","date_gmt":"2025-03-07T07:08:10","guid":{"rendered":"https:\/\/www.catholicboy.com\/WP\/works\/literary-works\/translations-foreign-editions\/basketball-diaries-japanese\/"},"modified":"2025-03-06T23:36:01","modified_gmt":"2025-03-07T07:36:01","slug":"basketball-diaries-japanese","status":"publish","type":"page","link":"https:\/\/www.catholicboy.com\/WP\/works\/literary-works\/translations-foreign-editions\/basketball-diaries-japanese\/","title":{"rendered":"Basketball Diaries Japanese"},"content":{"rendered":"<div class=\"wp-block-image\">\n<figure class=\"alignright size-full\"><img loading=\"lazy\" decoding=\"async\" width=\"239\" height=\"340\" src=\"https:\/\/www.catholicboy.com\/WP\/wp-content\/uploads\/2023\/03\/bdjapan.jpg\" alt=\"Cover Art\" class=\"wp-image-6708\" srcset=\"https:\/\/www.catholicboy.com\/WP\/wp-content\/uploads\/2023\/03\/bdjapan.jpg 239w, https:\/\/www.catholicboy.com\/WP\/wp-content\/uploads\/2023\/03\/bdjapan-211x300.jpg 211w, https:\/\/www.catholicboy.com\/WP\/wp-content\/uploads\/2023\/03\/bdjapan-135x192.jpg 135w\" sizes=\"auto, (max-width: 239px) 100vw, 239px\" \/><figcaption class=\"wp-element-caption\">Japanese Translation of <em>The Basketball Diaries<\/em> by Jim Carroll<\/figcaption><\/figure>\n<\/div>\n\n\n<figure class=\"wp-block-image size-full\"><img loading=\"lazy\" decoding=\"async\" width=\"264\" height=\"40\" src=\"https:\/\/www.catholicboy.com\/WP\/wp-content\/uploads\/2023\/03\/japanese.gif\" alt=\"\" class=\"wp-image-6203\"\/><\/figure>\n\n\n\n<p><strong>Japanese translation of&nbsp;<em>The Basketball Diaries<\/em><br><\/strong>Shobun-sha (Tokyo), 1982<br><em>Based on the <a href=\"https:\/\/www.catholicboy.com\/WP\/works\/literary-works\/diaries-and-fiction-by-jim-carroll\/the-basketball-diaries\/the-basketball-diaries-first-edition\/\" data-type=\"page\" data-id=\"8649\">1978 Tombouctou edition<\/a><\/em>.<\/p>\n\n\n\n<h2 class=\"wp-block-heading\">Excerpt<\/h2>\n\n\n\n<figure class=\"wp-block-image size-full\"><img loading=\"lazy\" decoding=\"async\" width=\"211\" height=\"425\" src=\"https:\/\/www.catholicboy.com\/WP\/wp-content\/uploads\/2023\/03\/japanex.jpg\" alt=\"\" class=\"wp-image-6204\" srcset=\"https:\/\/www.catholicboy.com\/WP\/wp-content\/uploads\/2023\/03\/japanex.jpg 211w, https:\/\/www.catholicboy.com\/WP\/wp-content\/uploads\/2023\/03\/japanex-149x300.jpg 149w, https:\/\/www.catholicboy.com\/WP\/wp-content\/uploads\/2023\/03\/japanex-95x192.jpg 95w\" sizes=\"auto, (max-width: 211px) 100vw, 211px\" \/><\/figure>\n\n\n\n<p>This translation includes Tom Clark&#8217;s introduction.<\/p>\n","protected":false},"excerpt":{"rendered":"<p>Japanese translation of&nbsp;The Basketball DiariesShobun-sha (Tokyo), 1982Based on the 1978 Tombouctou edition. Excerpt This translation includes Tom Clark&#8217;s introduction. <a href=\"https:\/\/www.catholicboy.com\/WP\/works\/literary-works\/translations-foreign-editions\/basketball-diaries-japanese\/\" class=\"more-link\">Continue reading <span class=\"screen-reader-text\">Basketball Diaries Japanese<\/span><\/a><\/p>\n","protected":false},"author":1,"featured_media":0,"parent":4779,"menu_order":8,"comment_status":"closed","ping_status":"closed","template":"","meta":{"advanced_seo_description":"","jetpack_seo_html_title":"","jetpack_seo_noindex":false,"jetpack_post_was_ever_published":false,"footnotes":""},"folder":[],"class_list":["post-8694","page","type-page","status-publish","hentry"],"jetpack_sharing_enabled":true,"jetpack_shortlink":"https:\/\/wp.me\/P9VlUH-2ge","jetpack_likes_enabled":true,"jetpack-related-posts":[{"id":4779,"url":"https:\/\/www.catholicboy.com\/WP\/works\/literary-works\/translations-foreign-editions\/","url_meta":{"origin":8694,"position":0},"title":"Translations &#038; Foreign Editions","author":"Cassie Carter","date":"January 10, 2022","format":false,"excerpt":"These are the translations and (non-USA) foreign editions of Carroll's works that I am aware of. Please send me details if you know of others! Jim Entra Nel Campo Di Basket: Diario Di Un Adolescente Nelle Strade Di New York(\"Jim on the Basketball Court: Diary of an Adolescent on the\u2026","rel":"","context":"Similar post","block_context":{"text":"Similar post","link":""},"img":{"alt_text":"","src":"https:\/\/i0.wp.com\/www.catholicboy.com\/WP\/wp-content\/uploads\/2025\/03\/algunos-poemas-de-jim-carroll-2016.jpg?resize=350%2C200&ssl=1","width":350,"height":200,"srcset":"https:\/\/i0.wp.com\/www.catholicboy.com\/WP\/wp-content\/uploads\/2025\/03\/algunos-poemas-de-jim-carroll-2016.jpg?resize=350%2C200&ssl=1 1x, https:\/\/i0.wp.com\/www.catholicboy.com\/WP\/wp-content\/uploads\/2025\/03\/algunos-poemas-de-jim-carroll-2016.jpg?resize=525%2C300&ssl=1 1.5x, https:\/\/i0.wp.com\/www.catholicboy.com\/WP\/wp-content\/uploads\/2025\/03\/algunos-poemas-de-jim-carroll-2016.jpg?resize=700%2C400&ssl=1 2x"},"classes":[]},{"id":8692,"url":"https:\/\/www.catholicboy.com\/WP\/works\/literary-works\/translations-foreign-editions\/basketball-diaries-french-1995\/","url_meta":{"origin":8694,"position":1},"title":"Basketball Diaries French (1995)","author":"Cassie Carter","date":"March 6, 2025","format":false,"excerpt":"French Translation of The Basketball Diaries by Jim Carroll The Basketball DiariesFrench translationTranslated by Thierry MarignacParis: Editiones 10\/18 Publishers1995 edition See also the\u00a0First French edition Thanks to Marie\u00a0Pierre Chalimbaud\u00a0for sharing this translation! I'm guessing this is just a film tie-in with just a cover change, but I would love to\u2026","rel":"","context":"Similar post","block_context":{"text":"Similar post","link":""},"img":{"alt_text":"Cover Art","src":"https:\/\/i0.wp.com\/www.catholicboy.com\/WP\/wp-content\/uploads\/2023\/03\/bdfrench95a.jpg?resize=350%2C200&ssl=1","width":350,"height":200},"classes":[]},{"id":8696,"url":"https:\/\/www.catholicboy.com\/WP\/works\/literary-works\/translations-foreign-editions\/basketball-diaries-german\/","url_meta":{"origin":8694,"position":2},"title":"Basketball Diaries German","author":"Cassie Carter","date":"March 6, 2025","format":false,"excerpt":"In den Strassen von New York: German Translation of The Basketball Diaries by Jim Carroll In den Stra\u00dfen von New York(\"In the Streets of New York\")German translation of The Basketball DiariesMunich: Piper Books 1995Gmd H. & Co.KG, MunichTry www.amazon.de This looks to me like a reissue with a film tie-in\u2026","rel":"","context":"Similar post","block_context":{"text":"Similar post","link":""},"img":{"alt_text":"","src":"https:\/\/i0.wp.com\/www.catholicboy.com\/WP\/wp-content\/uploads\/2025\/03\/in_den_strassen_von_new_york.webp?resize=350%2C200&ssl=1","width":350,"height":200},"classes":[]},{"id":4647,"url":"https:\/\/www.catholicboy.com\/WP\/works\/literary-works\/translations-foreign-editions\/russian-translation-of-bbd\/","url_meta":{"origin":8694,"position":3},"title":"Russian Translation of BBD","author":"catholicboy.com","date":"January 10, 2022","format":false,"excerpt":"Cover Art: Russian Translation of The Basketball Diaries by Jim Carroll Russian translation of The Basketball DiariesBy Jim CarrollTranslated by Ekaterina MatveevaAlex Kervey, Editor-in-ChiefMoscow: Adaptec, T-ough Press \/ AST, 2005 Excerpt: From The Basketball Diaries, Penguin Edition (1987), pages 140-41. Fall 1965 A note found on one of those little\u2026","rel":"","context":"Similar post","block_context":{"text":"Similar post","link":""},"img":{"alt_text":"Sample of Russian translation","src":"https:\/\/i0.wp.com\/www.catholicboy.com\/WP\/wp-content\/uploads\/2023\/03\/bdrussian_excerpt.gif?resize=350%2C200&ssl=1","width":350,"height":200},"classes":[]},{"id":576,"url":"https:\/\/www.catholicboy.com\/WP\/works\/literary-works\/diaries-and-fiction-by-jim-carroll\/the-basketball-diaries\/","url_meta":{"origin":8694,"position":4},"title":"The Basketball Diaries: Editions","author":"Cassie Carter","date":"August 15, 2021","format":false,"excerpt":"Carroll wrote his autobiographical tales of \"growing up hip\" on New York's mean streets\" between the ages of 12 and 16, from 1962 to 1966. Carroll earned a scholarship to a posh private school (see\u00a0Trinity Yearbook page) and spent his time playing basketball, stealing, hustling gay men to support his\u2026","rel":"","context":"Similar post","block_context":{"text":"Similar post","link":""},"img":{"alt_text":"","src":"https:\/\/i0.wp.com\/www.catholicboy.com\/WP\/wp-content\/uploads\/2021\/08\/bd1cov.jpg?resize=350%2C200&ssl=1","width":350,"height":200},"classes":[]},{"id":6830,"url":"https:\/\/www.catholicboy.com\/WP\/works\/literary-works\/translations-foreign-editions\/downtown-diaries-french-translation-of-forced-entries-2015\/","url_meta":{"origin":8694,"position":5},"title":"Downtown Diaries: French Translation of Forced Entries 2015","author":"Cassie Carter","date":"March 23, 2023","format":false,"excerpt":"French Translation of Forced Entries by Jim Carroll French Translation of Forced Entries by Jim Carroll From Amazon Sweden: Downtown Diaries Pocketbok \u2013 Stor bok, 9 September 2015Franska utg\u00e5van av Jim Carroll (F\u00f6rfattare), J\u00e9r\u00f4me Schmidt (\u00d6vers\u00e4ttare) Auteur de Basketball Diaries, Jim Carroll, a \u00e9t\u00e9 l'une des figures centrales du New\u2026","rel":"","context":"Similar post","block_context":{"text":"Similar post","link":""},"img":{"alt_text":"Cover Art","src":"https:\/\/i0.wp.com\/www.catholicboy.com\/WP\/wp-content\/uploads\/2023\/03\/fe_sweden-front-110x150.jpg?resize=350%2C200&ssl=1","width":350,"height":200},"classes":[]}],"_links":{"self":[{"href":"https:\/\/www.catholicboy.com\/WP\/wp-json\/wp\/v2\/pages\/8694","targetHints":{"allow":["GET"]}}],"collection":[{"href":"https:\/\/www.catholicboy.com\/WP\/wp-json\/wp\/v2\/pages"}],"about":[{"href":"https:\/\/www.catholicboy.com\/WP\/wp-json\/wp\/v2\/types\/page"}],"author":[{"embeddable":true,"href":"https:\/\/www.catholicboy.com\/WP\/wp-json\/wp\/v2\/users\/1"}],"replies":[{"embeddable":true,"href":"https:\/\/www.catholicboy.com\/WP\/wp-json\/wp\/v2\/comments?post=8694"}],"version-history":[{"count":3,"href":"https:\/\/www.catholicboy.com\/WP\/wp-json\/wp\/v2\/pages\/8694\/revisions"}],"predecessor-version":[{"id":8719,"href":"https:\/\/www.catholicboy.com\/WP\/wp-json\/wp\/v2\/pages\/8694\/revisions\/8719"}],"up":[{"embeddable":true,"href":"https:\/\/www.catholicboy.com\/WP\/wp-json\/wp\/v2\/pages\/4779"}],"wp:attachment":[{"href":"https:\/\/www.catholicboy.com\/WP\/wp-json\/wp\/v2\/media?parent=8694"}],"wp:term":[{"taxonomy":"folder","embeddable":true,"href":"https:\/\/www.catholicboy.com\/WP\/wp-json\/wp\/v2\/folder?post=8694"}],"curies":[{"name":"wp","href":"https:\/\/api.w.org\/{rel}","templated":true}]}}