{"id":8653,"date":"2025-03-06T21:35:17","date_gmt":"2025-03-07T05:35:17","guid":{"rendered":"https:\/\/www.catholicboy.com\/WP\/works\/literary-works\/diaries-and-fiction-by-jim-carroll\/the-basketball-diaries\/the-basketball-diaries-1987-penguin-edition\/"},"modified":"2025-03-07T21:53:59","modified_gmt":"2025-03-08T05:53:59","slug":"the-basketball-diaries-1987-penguin-edition","status":"publish","type":"page","link":"https:\/\/www.catholicboy.com\/WP\/works\/literary-works\/diaries-and-fiction-by-jim-carroll\/the-basketball-diaries\/the-basketball-diaries-1987-penguin-edition\/","title":{"rendered":"The Basketball Diaries (1987 Penguin Edition)"},"content":{"rendered":"\n<div class=\"wp-block-media-text alignwide is-stacked-on-mobile is-vertically-aligned-top\" style=\"grid-template-columns:38% auto\"><figure class=\"wp-block-media-text__media\"><a class=\"foobox\" href=\"https:\/\/www.catholicboy.com\/WP\/wp-content\/uploads\/2021\/08\/bd3cov.jpg\"><img loading=\"lazy\" decoding=\"async\" width=\"245\" height=\"400\" src=\"https:\/\/www.catholicboy.com\/WP\/wp-content\/uploads\/2021\/08\/bd3cov.jpg\" alt=\"\" class=\"wp-image-583 size-full\" srcset=\"https:\/\/www.catholicboy.com\/WP\/wp-content\/uploads\/2021\/08\/bd3cov.jpg 245w, https:\/\/www.catholicboy.com\/WP\/wp-content\/uploads\/2021\/08\/bd3cov-184x300.jpg 184w, https:\/\/www.catholicboy.com\/WP\/wp-content\/uploads\/2021\/08\/bd3cov-118x192.jpg 118w\" sizes=\"auto, (max-width: 245px) 100vw, 245px\" \/><\/a><\/figure><div class=\"wp-block-media-text__content\">\n<p class=\"ext-bibliography\"><strong><em>The Basketball Diaries<\/em><\/strong><br><strong>Third Edition<\/strong><br><strong>By:<\/strong> Jim Carroll<strong><em><br><\/em>Republished:<\/strong> 1987<br><strong>Publisher:<\/strong> Penguin<br><strong>Format:<\/strong> Paperback<br><strong>Cover photograph:<\/strong> Rosemary Carroll<br><strong>Cover design:<\/strong>\u00a0Melissa Jacoby<br><strong>Hand-coloring:\u00a0<\/strong>Neil Stuart<\/p>\n\n\n\n<p><\/p>\n\n\n\n<p><\/p>\n<\/div><\/div>\n\n\n\n<div style=\"height:30px\" aria-hidden=\"true\" class=\"wp-block-spacer\"><\/div>\n\n\n\n<p>The Penguin (third) edition of&nbsp;<em>The Basketball Diaries<\/em>&nbsp;uses Rosemary Klemfuss\/Carroll&#8217;s photograph of Carroll&#8211;the same photograph used for the first edition&#8211;but the art direction is different and the photo background is &#8220;colorized.&#8221; It has no blurbs.<\/p>\n\n\n\n<h2 class=\"wp-block-heading\">See Also<\/h2>\n\n\n\n<p><a href=\"https:\/\/www.catholicboy.com\/WP\/works\/literary-works\/diaries-and-fiction-by-jim-carroll\/the-basketball-diaries\/\">The Basketball Diaries page<\/a><\/p>\n","protected":false},"excerpt":{"rendered":"<p>The Basketball DiariesThird EditionBy: Jim CarrollRepublished: 1987Publisher: PenguinFormat: PaperbackCover photograph: Rosemary CarrollCover design:\u00a0Melissa JacobyHand-coloring:\u00a0Neil Stuart The Penguin (third) edition of&nbsp;The Basketball Diaries&nbsp;uses Rosemary Klemfuss\/Carroll&#8217;s photograph of Carroll&#8211;the same photograph used for the first edition&#8211;but the art direction is different and the photo background is &#8220;colorized.&#8221; It has no blurbs. See Also The Basketball Diaries page <a href=\"https:\/\/www.catholicboy.com\/WP\/works\/literary-works\/diaries-and-fiction-by-jim-carroll\/the-basketball-diaries\/the-basketball-diaries-1987-penguin-edition\/\" class=\"more-link\">Continue reading <span class=\"screen-reader-text\">The Basketball Diaries (1987 Penguin Edition)<\/span><\/a><\/p>\n","protected":false},"author":1,"featured_media":0,"parent":576,"menu_order":2,"comment_status":"closed","ping_status":"closed","template":"","meta":{"advanced_seo_description":"","jetpack_seo_html_title":"","jetpack_seo_noindex":false,"jetpack_post_was_ever_published":false,"footnotes":""},"folder":[],"class_list":["post-8653","page","type-page","status-publish","hentry"],"jetpack_sharing_enabled":true,"jetpack_shortlink":"https:\/\/wp.me\/P9VlUH-2fz","jetpack_likes_enabled":true,"jetpack-related-posts":[{"id":576,"url":"https:\/\/www.catholicboy.com\/WP\/works\/literary-works\/diaries-and-fiction-by-jim-carroll\/the-basketball-diaries\/","url_meta":{"origin":8653,"position":0},"title":"The Basketball Diaries: Editions","author":"Cassie Carter","date":"August 15, 2021","format":false,"excerpt":"Carroll wrote his autobiographical tales of \"growing up hip\" on New York's mean streets\" between the ages of 12 and 16, from 1962 to 1966. Carroll earned a scholarship to a posh private school (see\u00a0Trinity Yearbook page) and spent his time playing basketball, stealing, hustling gay men to support his\u2026","rel":"","context":"Similar post","block_context":{"text":"Similar post","link":""},"img":{"alt_text":"","src":"https:\/\/i0.wp.com\/www.catholicboy.com\/WP\/wp-content\/uploads\/2021\/08\/bd1cov.jpg?resize=350%2C200&ssl=1","width":350,"height":200},"classes":[]},{"id":4003,"url":"https:\/\/www.catholicboy.com\/WP\/works\/literary-works\/diaries-and-fiction-by-jim-carroll\/","url_meta":{"origin":8653,"position":1},"title":"Diaries and Fiction by Jim Carroll","author":"catholicboy.com","date":"January 10, 2022","format":false,"excerpt":"The Petting Zoo: A NovelPublished:\u00a0November 8, 2010By:\u00a0Jim CarrollPublisher:\u00a0VikingCarroll was putting the finishing touches on his first novel,\u00a0The Petting Zoo, when he passed away in 2009. Protagonist Billy Wolfram, a hot young artist in late 1980s NYC, suffers a psychological and spiritual breakdown while viewing the Met's Velasquez retrospective and desperately\u2026","rel":"","context":"Similar post","block_context":{"text":"Similar post","link":""},"img":{"alt_text":"","src":"https:\/\/i0.wp.com\/www.catholicboy.com\/WP\/wp-content\/uploads\/2021\/04\/PettingZooLarge.jpg?resize=350%2C200&ssl=1","width":350,"height":200},"classes":[]},{"id":8657,"url":"https:\/\/www.catholicboy.com\/WP\/works\/literary-works\/diaries-and-fiction-by-jim-carroll\/the-basketball-diaries\/the-basketball-diaries-1995-film-tie-in\/","url_meta":{"origin":8653,"position":2},"title":"The Basketball Diaries (1995 Film Tie-In)","author":"Cassie Carter","date":"March 6, 2025","format":false,"excerpt":"The Basketball Diaries: Fourth EditionBy: Jim CarrollPublished: 1995Publisher: PenguinFormat: PaperbackCover photograph: Leonardo DiCaprio by John Clifford The 1995 Penguin edition of\u00a0The Basketball Diaries\u00a0is a tie-in with the\u00a01995 film starring Leonardo DiCaprio. The cover features photo of Leonardo DiCaprio (by John Clifford. Film credits and a new blurb are on the\u2026","rel":"","context":"Similar post","block_context":{"text":"Similar post","link":""},"img":{"alt_text":"","src":"https:\/\/i0.wp.com\/www.catholicboy.com\/WP\/wp-content\/uploads\/2021\/08\/bd4cov.jpg?resize=350%2C200&ssl=1","width":350,"height":200},"classes":[]},{"id":3993,"url":"https:\/\/www.catholicboy.com\/WP\/works\/literary-works\/diaries-and-fiction-by-jim-carroll\/the-basketball-diaries\/the-basketball-diaries-5th-ed\/","url_meta":{"origin":8653,"position":3},"title":"The Basketball Diaries (5th Edition)","author":"Cassie Carter","date":"January 10, 2022","format":false,"excerpt":"The Basketball Diaries5th EditionBy:\u00a0Jim CarrollPublished:\u00a01998Publisher:\u00a0PenguinFormat:\u00a0PaperbackCover photo:\u00a0Michael ZagarisCover design:\u00a0Edward ODowd The fifth edition of\u00a0The Basketball Diaries\u00a0uses a blue-tinted, closeup version of the same photo used on the\u00a0audiobook\u00a0version, and from the same photo session as the\u00a01980 Bantam (2nd) edition. This edition was issued simultaneously with the\u00a0second edition of Forced Entries. See Also\u2026","rel":"","context":"Similar post","block_context":{"text":"Similar post","link":""},"img":{"alt_text":"Cover Art: The Basketball Diaries (1998 edition) - By Jim Carroll","src":"https:\/\/i0.wp.com\/www.catholicboy.com\/WP\/wp-content\/uploads\/2021\/08\/bd5.jpg?resize=350%2C200&ssl=1","width":350,"height":200},"classes":[]},{"id":4363,"url":"https:\/\/www.catholicboy.com\/WP\/works\/literary-works\/translations-foreign-editions\/basketballdagbokene\/","url_meta":{"origin":8653,"position":4},"title":"Basketballdagb\u00f8kene","author":"Cassie Carter","date":"January 10, 2022","format":false,"excerpt":"Norwegian Translation of The Basketball Diaries by Jim Carroll Norwegian translation of The Basketball DiariesBy Jim CarrollTranslated by Per Ivar MartinsenErika Forlag, 1996Based on the 1981 Bantam Books edition. Excerpt H\u00d8ST 196577.En nedtegnelse funnet p\u00e5 en av de sm\u00e5 lekseblokkene du f\u00e5r for ti cent hos Gussie's . . .\u2026","rel":"","context":"Similar post","block_context":{"text":"Similar post","link":""},"img":{"alt_text":"Cover Art","src":"https:\/\/i0.wp.com\/www.catholicboy.com\/WP\/wp-content\/uploads\/2023\/03\/norway.gif?resize=350%2C200&ssl=1","width":350,"height":200},"classes":[]},{"id":4647,"url":"https:\/\/www.catholicboy.com\/WP\/works\/literary-works\/translations-foreign-editions\/russian-translation-of-bbd\/","url_meta":{"origin":8653,"position":5},"title":"Russian Translation of BBD","author":"catholicboy.com","date":"January 10, 2022","format":false,"excerpt":"Cover Art: Russian Translation of The Basketball Diaries by Jim Carroll Russian translation of The Basketball DiariesBy Jim CarrollTranslated by Ekaterina MatveevaAlex Kervey, Editor-in-ChiefMoscow: Adaptec, T-ough Press \/ AST, 2005 Excerpt: From The Basketball Diaries, Penguin Edition (1987), pages 140-41. Fall 1965 A note found on one of those little\u2026","rel":"","context":"Similar post","block_context":{"text":"Similar post","link":""},"img":{"alt_text":"Sample of Russian translation","src":"https:\/\/i0.wp.com\/www.catholicboy.com\/WP\/wp-content\/uploads\/2023\/03\/bdrussian_excerpt.gif?resize=350%2C200&ssl=1","width":350,"height":200},"classes":[]}],"_links":{"self":[{"href":"https:\/\/www.catholicboy.com\/WP\/wp-json\/wp\/v2\/pages\/8653","targetHints":{"allow":["GET"]}}],"collection":[{"href":"https:\/\/www.catholicboy.com\/WP\/wp-json\/wp\/v2\/pages"}],"about":[{"href":"https:\/\/www.catholicboy.com\/WP\/wp-json\/wp\/v2\/types\/page"}],"author":[{"embeddable":true,"href":"https:\/\/www.catholicboy.com\/WP\/wp-json\/wp\/v2\/users\/1"}],"replies":[{"embeddable":true,"href":"https:\/\/www.catholicboy.com\/WP\/wp-json\/wp\/v2\/comments?post=8653"}],"version-history":[{"count":2,"href":"https:\/\/www.catholicboy.com\/WP\/wp-json\/wp\/v2\/pages\/8653\/revisions"}],"predecessor-version":[{"id":8863,"href":"https:\/\/www.catholicboy.com\/WP\/wp-json\/wp\/v2\/pages\/8653\/revisions\/8863"}],"up":[{"embeddable":true,"href":"https:\/\/www.catholicboy.com\/WP\/wp-json\/wp\/v2\/pages\/576"}],"wp:attachment":[{"href":"https:\/\/www.catholicboy.com\/WP\/wp-json\/wp\/v2\/media?parent=8653"}],"wp:term":[{"taxonomy":"folder","embeddable":true,"href":"https:\/\/www.catholicboy.com\/WP\/wp-json\/wp\/v2\/folder?post=8653"}],"curies":[{"name":"wp","href":"https:\/\/api.w.org\/{rel}","templated":true}]}}