{"id":8651,"date":"2025-03-06T21:34:28","date_gmt":"2025-03-07T05:34:28","guid":{"rendered":"https:\/\/www.catholicboy.com\/WP\/works\/literary-works\/diaries-and-fiction-by-jim-carroll\/the-basketball-diaries\/the-basketball-diaries-bantam-edition\/"},"modified":"2025-03-07T21:18:28","modified_gmt":"2025-03-08T05:18:28","slug":"the-basketball-diaries-bantam-edition","status":"publish","type":"page","link":"https:\/\/www.catholicboy.com\/WP\/works\/literary-works\/diaries-and-fiction-by-jim-carroll\/the-basketball-diaries\/the-basketball-diaries-bantam-edition\/","title":{"rendered":"The Basketball Diaries (Bantam Edition)"},"content":{"rendered":"\n<div class=\"wp-block-media-text alignwide is-stacked-on-mobile is-vertically-aligned-top\" style=\"grid-template-columns:38% auto\"><figure class=\"wp-block-media-text__media\"><a class=\"foobox\" href=\"https:\/\/www.catholicboy.com\/WP\/wp-content\/uploads\/2021\/08\/bd_bantam.jpg\"><img loading=\"lazy\" decoding=\"async\" width=\"317\" height=\"536\" src=\"https:\/\/www.catholicboy.com\/WP\/wp-content\/uploads\/2021\/08\/bd_bantam.jpg\" alt=\"\" class=\"wp-image-578 size-full\" srcset=\"https:\/\/www.catholicboy.com\/WP\/wp-content\/uploads\/2021\/08\/bd_bantam.jpg 317w, https:\/\/www.catholicboy.com\/WP\/wp-content\/uploads\/2021\/08\/bd_bantam-177x300.jpg 177w, https:\/\/www.catholicboy.com\/WP\/wp-content\/uploads\/2021\/08\/bd_bantam-114x192.jpg 114w\" sizes=\"auto, (max-width: 317px) 100vw, 317px\" \/><\/a><\/figure><div class=\"wp-block-media-text__content\">\n<p class=\"ext-bibliography\"><strong><em>The Basketball Diaries<\/em><\/strong><br><strong>Second Edition<\/strong><br><strong>By:<\/strong> Jim Carroll<strong><em><br><\/em>Published:<\/strong> 1980<br><strong>Publisher:<\/strong> Bantam<br><strong>Format:<\/strong> Paperback<br><strong>Cover photograph:<\/strong> Michael Zagaris<\/p>\n\n\n\n<p><\/p>\n\n\n\n<p><\/p>\n<\/div><\/div>\n\n\n\n<div style=\"height:30px\" aria-hidden=\"true\" class=\"wp-block-spacer\"><\/div>\n\n\n\n<p>The Bantam edition was released alongside the Jim Carroll Band&#8217;s first album,\u00a0<a href=\"https:\/\/www.catholicboy.com\/WP\/works\/jim-carroll-music-and-spoken-word\/music-jim-carroll-jim-carroll-band\/catholic-boy-jim-carroll-band\/\" data-type=\"page\" data-id=\"4275\">Catholic Boy<\/a>, and features a cover blurb by Frank Zappa. The jacket photo is from the same photo session as the cover photos on the\u00a0<a href=\"https:\/\/www.catholicboy.com\/WP\/works\/literary-works\/diaries-and-fiction-by-jim-carroll\/the-basketball-diaries\/the-basketball-diaries-5th-ed\/\" data-type=\"page\" data-id=\"3993\">1998 edition<\/a>\u00a0and\u00a0<a href=\"https:\/\/www.catholicboy.com\/WP\/research\/music-reviews\/the-basketball-diaries-audio-literature\/\" data-type=\"page\" data-id=\"4709\">audiobook<\/a>\u00a0of\u00a0<em>The Basketball Diaries<\/em>.<\/p>\n\n\n\n<h2 class=\"wp-block-heading\">See Also<\/h2>\n\n\n\n<p><a href=\"https:\/\/www.catholicboy.com\/WP\/works\/literary-works\/diaries-and-fiction-by-jim-carroll\/the-basketball-diaries\/\">The Basketball Diaries page<\/a><\/p>\n","protected":false},"excerpt":{"rendered":"<p>The Basketball DiariesSecond EditionBy: Jim CarrollPublished: 1980Publisher: BantamFormat: PaperbackCover photograph: Michael Zagaris The Bantam edition was released alongside the Jim Carroll Band&#8217;s first album,\u00a0Catholic Boy, and features a cover blurb by Frank Zappa. The jacket photo is from the same photo session as the cover photos on the\u00a01998 edition\u00a0and\u00a0audiobook\u00a0of\u00a0The Basketball Diaries. See Also The Basketball &hellip; <a href=\"https:\/\/www.catholicboy.com\/WP\/works\/literary-works\/diaries-and-fiction-by-jim-carroll\/the-basketball-diaries\/the-basketball-diaries-bantam-edition\/\" class=\"more-link\">Continue reading <span class=\"screen-reader-text\">The Basketball Diaries (Bantam Edition)<\/span><\/a><\/p>\n","protected":false},"author":1,"featured_media":0,"parent":576,"menu_order":1,"comment_status":"closed","ping_status":"closed","template":"","meta":{"advanced_seo_description":"","jetpack_seo_html_title":"","jetpack_seo_noindex":false,"jetpack_post_was_ever_published":false,"footnotes":""},"folder":[],"class_list":["post-8651","page","type-page","status-publish","hentry"],"jetpack_sharing_enabled":true,"jetpack_shortlink":"https:\/\/wp.me\/P9VlUH-2fx","jetpack_likes_enabled":true,"jetpack-related-posts":[{"id":3993,"url":"https:\/\/www.catholicboy.com\/WP\/works\/literary-works\/diaries-and-fiction-by-jim-carroll\/the-basketball-diaries\/the-basketball-diaries-5th-ed\/","url_meta":{"origin":8651,"position":0},"title":"The Basketball Diaries (5th Edition)","author":"Cassie Carter","date":"January 10, 2022","format":false,"excerpt":"The Basketball Diaries5th EditionBy:\u00a0Jim CarrollPublished:\u00a01998Publisher:\u00a0PenguinFormat:\u00a0PaperbackCover photo:\u00a0Michael ZagarisCover design:\u00a0Edward ODowd The fifth edition of\u00a0The Basketball Diaries\u00a0uses a blue-tinted, closeup version of the same photo used on the\u00a0audiobook\u00a0version, and from the same photo session as the\u00a01980 Bantam (2nd) edition. This edition was issued simultaneously with the\u00a0second edition of Forced Entries. See Also\u2026","rel":"","context":"Similar post","block_context":{"text":"Similar post","link":""},"img":{"alt_text":"Cover Art: The Basketball Diaries (1998 edition) - By Jim Carroll","src":"https:\/\/i0.wp.com\/www.catholicboy.com\/WP\/wp-content\/uploads\/2021\/08\/bd5.jpg?resize=350%2C200&ssl=1","width":350,"height":200},"classes":[]},{"id":576,"url":"https:\/\/www.catholicboy.com\/WP\/works\/literary-works\/diaries-and-fiction-by-jim-carroll\/the-basketball-diaries\/","url_meta":{"origin":8651,"position":1},"title":"The Basketball Diaries: Editions","author":"Cassie Carter","date":"August 15, 2021","format":false,"excerpt":"Carroll wrote his autobiographical tales of \"growing up hip\" on New York's mean streets\" between the ages of 12 and 16, from 1962 to 1966. Carroll earned a scholarship to a posh private school (see\u00a0Trinity Yearbook page) and spent his time playing basketball, stealing, hustling gay men to support his\u2026","rel":"","context":"Similar post","block_context":{"text":"Similar post","link":""},"img":{"alt_text":"","src":"https:\/\/i0.wp.com\/www.catholicboy.com\/WP\/wp-content\/uploads\/2021\/08\/bd1cov.jpg?resize=350%2C200&ssl=1","width":350,"height":200},"classes":[]},{"id":8855,"url":"https:\/\/www.catholicboy.com\/WP\/works\/jim-carroll-music-and-spoken-word\/spoken-word-lecture-recordings-by-jim-carroll\/basketball-diaries-audio-literature\/","url_meta":{"origin":8651,"position":2},"title":"The Basketball Diaries (Audio Literature)","author":"Cassie Carter","date":"March 7, 2025","format":false,"excerpt":"Cover Art: The Basketball Diaries Audiobook The Basketball DiariesBy:\u00a0Jim CarrollRead by:\u00a0Jim CarrollPublished:\u00a01995Publisher:\u00a0Audio LiteratureFormat:\u00a0audio cassetteCover photo:\u00a0Michael ZagarisMusic by:\u00a0Lenny Kaye In this Audio Literature presentation, consisting of two audiotapes, Jim Carroll reads his cult classic book\u00a0The Basketball Diaries, which he wrote between the ages of 12 and 16, from 1962 to 1966.\u2026","rel":"","context":"Similar post","block_context":{"text":"Similar post","link":""},"img":{"alt_text":"Cover Art: The Basketball Diaries Audiobook","src":"https:\/\/i0.wp.com\/www.catholicboy.com\/WP\/wp-content\/uploads\/2021\/08\/bdaudio.jpg?resize=350%2C200&ssl=1","width":350,"height":200},"classes":[]},{"id":4035,"url":"https:\/\/www.catholicboy.com\/WP\/photos-video-audio\/photo-gallery\/the-jim-carroll-website-image-gallery-misc-new-images\/","url_meta":{"origin":8651,"position":3},"title":"The Jim Carroll Website: Image Gallery: Misc. New Images","author":"catholicboy.com","date":"January 10, 2022","format":false,"excerpt":"> > Misc. New Images > 8 January 2001 >These are images for which I haven't yet created pages. Portraits Jim Carroll -- Portrait from Lou Reed: Rock and Roll Heart (PBS) Jim Carroll, Spring 1971 (by Gerard Malanga) Jim Carroll, Ted Berrigan, Lee Crabtree, and Julius Orlovsky (1969) Jim\u2026","rel":"","context":"Similar post","block_context":{"text":"Similar post","link":""},"img":{"alt_text":"","src":"","width":0,"height":0},"classes":[]},{"id":4003,"url":"https:\/\/www.catholicboy.com\/WP\/works\/literary-works\/diaries-and-fiction-by-jim-carroll\/","url_meta":{"origin":8651,"position":4},"title":"Diaries and Fiction by Jim Carroll","author":"catholicboy.com","date":"January 10, 2022","format":false,"excerpt":"The Petting Zoo: A NovelPublished:\u00a0November 8, 2010By:\u00a0Jim CarrollPublisher:\u00a0VikingCarroll was putting the finishing touches on his first novel,\u00a0The Petting Zoo, when he passed away in 2009. Protagonist Billy Wolfram, a hot young artist in late 1980s NYC, suffers a psychological and spiritual breakdown while viewing the Met's Velasquez retrospective and desperately\u2026","rel":"","context":"Similar post","block_context":{"text":"Similar post","link":""},"img":{"alt_text":"","src":"https:\/\/i0.wp.com\/www.catholicboy.com\/WP\/wp-content\/uploads\/2021\/04\/PettingZooLarge.jpg?resize=350%2C200&ssl=1","width":350,"height":200},"classes":[]},{"id":4363,"url":"https:\/\/www.catholicboy.com\/WP\/works\/literary-works\/translations-foreign-editions\/basketballdagbokene\/","url_meta":{"origin":8651,"position":5},"title":"Basketballdagb\u00f8kene","author":"Cassie Carter","date":"January 10, 2022","format":false,"excerpt":"Norwegian Translation of The Basketball Diaries by Jim Carroll Norwegian translation of The Basketball DiariesBy Jim CarrollTranslated by Per Ivar MartinsenErika Forlag, 1996Based on the 1981 Bantam Books edition. Excerpt H\u00d8ST 196577.En nedtegnelse funnet p\u00e5 en av de sm\u00e5 lekseblokkene du f\u00e5r for ti cent hos Gussie's . . .\u2026","rel":"","context":"Similar post","block_context":{"text":"Similar post","link":""},"img":{"alt_text":"Cover Art","src":"https:\/\/i0.wp.com\/www.catholicboy.com\/WP\/wp-content\/uploads\/2023\/03\/norway.gif?resize=350%2C200&ssl=1","width":350,"height":200},"classes":[]}],"_links":{"self":[{"href":"https:\/\/www.catholicboy.com\/WP\/wp-json\/wp\/v2\/pages\/8651","targetHints":{"allow":["GET"]}}],"collection":[{"href":"https:\/\/www.catholicboy.com\/WP\/wp-json\/wp\/v2\/pages"}],"about":[{"href":"https:\/\/www.catholicboy.com\/WP\/wp-json\/wp\/v2\/types\/page"}],"author":[{"embeddable":true,"href":"https:\/\/www.catholicboy.com\/WP\/wp-json\/wp\/v2\/users\/1"}],"replies":[{"embeddable":true,"href":"https:\/\/www.catholicboy.com\/WP\/wp-json\/wp\/v2\/comments?post=8651"}],"version-history":[{"count":2,"href":"https:\/\/www.catholicboy.com\/WP\/wp-json\/wp\/v2\/pages\/8651\/revisions"}],"predecessor-version":[{"id":8854,"href":"https:\/\/www.catholicboy.com\/WP\/wp-json\/wp\/v2\/pages\/8651\/revisions\/8854"}],"up":[{"embeddable":true,"href":"https:\/\/www.catholicboy.com\/WP\/wp-json\/wp\/v2\/pages\/576"}],"wp:attachment":[{"href":"https:\/\/www.catholicboy.com\/WP\/wp-json\/wp\/v2\/media?parent=8651"}],"wp:term":[{"taxonomy":"folder","embeddable":true,"href":"https:\/\/www.catholicboy.com\/WP\/wp-json\/wp\/v2\/folder?post=8651"}],"curies":[{"name":"wp","href":"https:\/\/api.w.org\/{rel}","templated":true}]}}