{"id":4673,"date":"2022-01-10T22:17:49","date_gmt":"2022-01-10T22:17:49","guid":{"rendered":"http:\/\/localhost:8000\/?page_id=4299"},"modified":"2025-03-06T23:26:15","modified_gmt":"2025-03-07T07:26:15","slug":"jim-entra-nel-campo-di-basket","status":"publish","type":"page","link":"https:\/\/www.catholicboy.com\/WP\/works\/literary-works\/translations-foreign-editions\/jim-entra-nel-campo-di-basket\/","title":{"rendered":"Jim Entra Nel Campo Di Basket"},"content":{"rendered":"<div class=\"wp-block-image is-style-default\">\n<figure class=\"alignright size-full\"><img loading=\"lazy\" decoding=\"async\" width=\"173\" height=\"267\" src=\"https:\/\/www.catholicboy.com\/WP\/wp-content\/uploads\/2023\/03\/bditaly.jpg\" alt=\"Cover Art\" class=\"wp-image-6707\" srcset=\"https:\/\/www.catholicboy.com\/WP\/wp-content\/uploads\/2023\/03\/bditaly.jpg 173w, https:\/\/www.catholicboy.com\/WP\/wp-content\/uploads\/2023\/03\/bditaly-124x192.jpg 124w\" sizes=\"auto, (max-width: 173px) 100vw, 173px\" \/><figcaption class=\"wp-element-caption\">Italian Translation of <em>The Basketball Diaries<\/em> by Jim Carroll<\/figcaption><\/figure>\n<\/div>\n\n\n<p><em><strong><span class=\"ext-worktitle\">Jim Entra Nel Campo Di Basket: <\/span><br><span class=\"ext-worktitle\">Diario Di Un Adolescente Nelle Strade Di New York<\/span><\/strong><\/em><br>Italian translation of <em>The Basketball Diaries<br><\/em>Translated by Tullio Dobner<\/p>\n\n\n\n<p><br clear=\"all\"><\/p>\n\n\n\n<h2 class=\"wp-block-heading\">Excerpt<\/h2>\n\n\n\n<blockquote class=\"wp-block-quote is-layout-flow wp-block-quote-is-layout-flow\">\n<p><strong>Autunno 1965<\/strong><\/p>\n\n\n\n<p>Ho trovato qualcosa che ho scritto su uno di quei piccoli taccuini che comperi per dieci<br>centesimi da <em>Gussie<\/em> . . . ho scritto di un&#8217; esperienza avuta qualche tempo fa con<br>l&#8217;LSD:<\/p>\n\n\n\n<p>\u00ab giocano a bilie<br>dove i rami spezzano il sole<\/p>\n\n\n\n<p>in aggraziati fasci di luce . . .<br>voglio solo essere puro.\u00bb<\/p>\n\n\n\n<p>Ho trovato il biglietto stamattina, tutto stropicciato in questi vecchi calzoni,<br>durante l&#8217;ora di storia. (Page 148)<\/p>\n<\/blockquote>\n\n\n\n<hr class=\"wp-block-separator has-alpha-channel-opacity\"\/>\n\n\n\n<p><strong>From <em>The Basketball Diaries<\/em>, Penguin Edition (1987), pages 140-41.<\/strong><\/p>\n\n\n\n<blockquote class=\"wp-block-quote is-layout-flow wp-block-quote-is-layout-flow\">\n<p><strong>Fall 1965<\/strong><br>A note found on one of those little homework pads you cop for ten cents at Gussie&#8217;s . . .<br>I wrote on an experience with L.S. D. a while ago:<\/p>\n\n\n\n<p>&#8220;Little kids shoot marbles<br>where the branches break the sun<\/p>\n\n\n\n<p><\/p>\n\n\n\n<p>into graceful shafts of light . . .<br>I just want to be pure.&#8221;<\/p>\n\n\n\n<p>I found it all crumbled up in these old pants in history class this morning.<\/p>\n<\/blockquote>\n","protected":false},"excerpt":{"rendered":"<p>Jim Entra Nel Campo Di Basket: Diario Di Un Adolescente Nelle Strade Di New YorkItalian translation of The Basketball DiariesTranslated by Tullio Dobner Excerpt Autunno 1965 Ho trovato qualcosa che ho scritto su uno di quei piccoli taccuini che comperi per diecicentesimi da Gussie . . . ho scritto di un&#8217; esperienza avuta qualche tempo &hellip; <a href=\"https:\/\/www.catholicboy.com\/WP\/works\/literary-works\/translations-foreign-editions\/jim-entra-nel-campo-di-basket\/\" class=\"more-link\">Continue reading <span class=\"screen-reader-text\">Jim Entra Nel Campo Di Basket<\/span><\/a><\/p>\n","protected":false},"author":1,"featured_media":0,"parent":4779,"menu_order":7,"comment_status":"closed","ping_status":"closed","template":"","meta":{"advanced_seo_description":"","jetpack_seo_html_title":"","jetpack_seo_noindex":false,"jetpack_post_was_ever_published":false,"footnotes":""},"folder":[46],"class_list":["post-4673","page","type-page","status-publish","hentry"],"jetpack_sharing_enabled":true,"jetpack_shortlink":"https:\/\/wp.me\/P9VlUH-1dn","jetpack_likes_enabled":true,"jetpack-related-posts":[{"id":4779,"url":"https:\/\/www.catholicboy.com\/WP\/works\/literary-works\/translations-foreign-editions\/","url_meta":{"origin":4673,"position":0},"title":"Translations &#038; Foreign Editions","author":"Cassie Carter","date":"January 10, 2022","format":false,"excerpt":"These are the translations and (non-USA) foreign editions of Carroll's works that I am aware of. Please send me details if you know of others! Jim Entra Nel Campo Di Basket: Diario Di Un Adolescente Nelle Strade Di New York(\"Jim on the Basketball Court: Diary of an Adolescent on the\u2026","rel":"","context":"Similar post","block_context":{"text":"Similar post","link":""},"img":{"alt_text":"","src":"https:\/\/i0.wp.com\/www.catholicboy.com\/WP\/wp-content\/uploads\/2025\/03\/algunos-poemas-de-jim-carroll-2016.jpg?resize=350%2C200&ssl=1","width":350,"height":200,"srcset":"https:\/\/i0.wp.com\/www.catholicboy.com\/WP\/wp-content\/uploads\/2025\/03\/algunos-poemas-de-jim-carroll-2016.jpg?resize=350%2C200&ssl=1 1x, https:\/\/i0.wp.com\/www.catholicboy.com\/WP\/wp-content\/uploads\/2025\/03\/algunos-poemas-de-jim-carroll-2016.jpg?resize=525%2C300&ssl=1 1.5x, https:\/\/i0.wp.com\/www.catholicboy.com\/WP\/wp-content\/uploads\/2025\/03\/algunos-poemas-de-jim-carroll-2016.jpg?resize=700%2C400&ssl=1 2x"},"classes":[]},{"id":4670,"url":"https:\/\/www.catholicboy.com\/WP\/works\/literary-works\/translations-foreign-editions\/jim-ha-cambiato-strada\/","url_meta":{"origin":4673,"position":1},"title":"Jim Ha Cambiato Strada","author":"catholicboy.com","date":"January 10, 2022","format":false,"excerpt":"Italian Translation of Forced Entries by Jim Carroll Jim Ha Cambiato Strada(\"Jim Has Changed Road\")Italian translation of Forced EntriesBy Jim Carroll Back cover copy: \"Una cosa \u00e8 sicura:ho raso al suolo questa citt\u00e0 nella mia carne, nel cuore e nello spirito. Sono stufo marcio della velocit\u00e0 di New York, dell'accelerazione\u2026","rel":"","context":"Similar post","block_context":{"text":"Similar post","link":""},"img":{"alt_text":"Cover Art","src":"https:\/\/i0.wp.com\/www.catholicboy.com\/WP\/wp-content\/uploads\/2023\/03\/feitaly.jpg?resize=350%2C200&ssl=1","width":350,"height":200},"classes":[]},{"id":4647,"url":"https:\/\/www.catholicboy.com\/WP\/works\/literary-works\/translations-foreign-editions\/russian-translation-of-bbd\/","url_meta":{"origin":4673,"position":2},"title":"Russian Translation of BBD","author":"catholicboy.com","date":"January 10, 2022","format":false,"excerpt":"Cover Art: Russian Translation of The Basketball Diaries by Jim Carroll Russian translation of The Basketball DiariesBy Jim CarrollTranslated by Ekaterina MatveevaAlex Kervey, Editor-in-ChiefMoscow: Adaptec, T-ough Press \/ AST, 2005 Excerpt: From The Basketball Diaries, Penguin Edition (1987), pages 140-41. Fall 1965 A note found on one of those little\u2026","rel":"","context":"Similar post","block_context":{"text":"Similar post","link":""},"img":{"alt_text":"Sample of Russian translation","src":"https:\/\/i0.wp.com\/www.catholicboy.com\/WP\/wp-content\/uploads\/2023\/03\/bdrussian_excerpt.gif?resize=350%2C200&ssl=1","width":350,"height":200},"classes":[]},{"id":8694,"url":"https:\/\/www.catholicboy.com\/WP\/works\/literary-works\/translations-foreign-editions\/basketball-diaries-japanese\/","url_meta":{"origin":4673,"position":3},"title":"Basketball Diaries Japanese","author":"Cassie Carter","date":"March 6, 2025","format":false,"excerpt":"Japanese Translation of The Basketball Diaries by Jim Carroll Japanese translation of\u00a0The Basketball DiariesShobun-sha (Tokyo), 1982Based on the 1978 Tombouctou edition. Excerpt This translation includes Tom Clark's introduction.","rel":"","context":"Similar post","block_context":{"text":"Similar post","link":""},"img":{"alt_text":"Cover Art","src":"https:\/\/i0.wp.com\/www.catholicboy.com\/WP\/wp-content\/uploads\/2023\/03\/bdjapan.jpg?resize=350%2C200&ssl=1","width":350,"height":200},"classes":[]},{"id":6830,"url":"https:\/\/www.catholicboy.com\/WP\/works\/literary-works\/translations-foreign-editions\/downtown-diaries-french-translation-of-forced-entries-2015\/","url_meta":{"origin":4673,"position":4},"title":"Downtown Diaries: French Translation of Forced Entries 2015","author":"Cassie Carter","date":"March 23, 2023","format":false,"excerpt":"French Translation of Forced Entries by Jim Carroll French Translation of Forced Entries by Jim Carroll From Amazon Sweden: Downtown Diaries Pocketbok \u2013 Stor bok, 9 September 2015Franska utg\u00e5van av Jim Carroll (F\u00f6rfattare), J\u00e9r\u00f4me Schmidt (\u00d6vers\u00e4ttare) Auteur de Basketball Diaries, Jim Carroll, a \u00e9t\u00e9 l'une des figures centrales du New\u2026","rel":"","context":"Similar post","block_context":{"text":"Similar post","link":""},"img":{"alt_text":"Cover Art","src":"https:\/\/i0.wp.com\/www.catholicboy.com\/WP\/wp-content\/uploads\/2023\/03\/fe_sweden-front-110x150.jpg?resize=350%2C200&ssl=1","width":350,"height":200},"classes":[]},{"id":4003,"url":"https:\/\/www.catholicboy.com\/WP\/works\/literary-works\/diaries-and-fiction-by-jim-carroll\/","url_meta":{"origin":4673,"position":5},"title":"Diaries and Fiction by Jim Carroll","author":"catholicboy.com","date":"January 10, 2022","format":false,"excerpt":"The Petting Zoo: A NovelPublished:\u00a0November 8, 2010By:\u00a0Jim CarrollPublisher:\u00a0VikingCarroll was putting the finishing touches on his first novel,\u00a0The Petting Zoo, when he passed away in 2009. Protagonist Billy Wolfram, a hot young artist in late 1980s NYC, suffers a psychological and spiritual breakdown while viewing the Met's Velasquez retrospective and desperately\u2026","rel":"","context":"Similar post","block_context":{"text":"Similar post","link":""},"img":{"alt_text":"","src":"https:\/\/i0.wp.com\/www.catholicboy.com\/WP\/wp-content\/uploads\/2021\/04\/PettingZooLarge.jpg?resize=350%2C200&ssl=1","width":350,"height":200},"classes":[]}],"_links":{"self":[{"href":"https:\/\/www.catholicboy.com\/WP\/wp-json\/wp\/v2\/pages\/4673","targetHints":{"allow":["GET"]}}],"collection":[{"href":"https:\/\/www.catholicboy.com\/WP\/wp-json\/wp\/v2\/pages"}],"about":[{"href":"https:\/\/www.catholicboy.com\/WP\/wp-json\/wp\/v2\/types\/page"}],"author":[{"embeddable":true,"href":"https:\/\/www.catholicboy.com\/WP\/wp-json\/wp\/v2\/users\/1"}],"replies":[{"embeddable":true,"href":"https:\/\/www.catholicboy.com\/WP\/wp-json\/wp\/v2\/comments?post=4673"}],"version-history":[{"count":8,"href":"https:\/\/www.catholicboy.com\/WP\/wp-json\/wp\/v2\/pages\/4673\/revisions"}],"predecessor-version":[{"id":8716,"href":"https:\/\/www.catholicboy.com\/WP\/wp-json\/wp\/v2\/pages\/4673\/revisions\/8716"}],"up":[{"embeddable":true,"href":"https:\/\/www.catholicboy.com\/WP\/wp-json\/wp\/v2\/pages\/4779"}],"wp:attachment":[{"href":"https:\/\/www.catholicboy.com\/WP\/wp-json\/wp\/v2\/media?parent=4673"}],"wp:term":[{"taxonomy":"folder","embeddable":true,"href":"https:\/\/www.catholicboy.com\/WP\/wp-json\/wp\/v2\/folder?post=4673"}],"curies":[{"name":"wp","href":"https:\/\/api.w.org\/{rel}","templated":true}]}}