{"id":4647,"date":"2022-01-10T22:17:49","date_gmt":"2022-01-10T22:17:49","guid":{"rendered":"http:\/\/localhost:8000\/?page_id=4269"},"modified":"2025-03-06T22:34:34","modified_gmt":"2025-03-07T06:34:34","slug":"russian-translation-of-bbd","status":"publish","type":"page","link":"https:\/\/www.catholicboy.com\/WP\/works\/literary-works\/translations-foreign-editions\/russian-translation-of-bbd\/","title":{"rendered":"Russian Translation of BBD"},"content":{"rendered":"<div class=\"wp-block-image is-style-default\">\n<figure class=\"alignright size-full\"><img loading=\"lazy\" decoding=\"async\" width=\"250\" height=\"369\" src=\"https:\/\/www.catholicboy.com\/WP\/wp-content\/uploads\/2023\/03\/bdrussian.jpg\" alt=\"Cover Art: Russian Translation of The Basketball Diaries by Jim Carroll\" class=\"wp-image-6710\" srcset=\"https:\/\/www.catholicboy.com\/WP\/wp-content\/uploads\/2023\/03\/bdrussian.jpg 250w, https:\/\/www.catholicboy.com\/WP\/wp-content\/uploads\/2023\/03\/bdrussian-203x300.jpg 203w, https:\/\/www.catholicboy.com\/WP\/wp-content\/uploads\/2023\/03\/bdrussian-130x192.jpg 130w\" sizes=\"auto, (max-width: 250px) 100vw, 250px\" \/><figcaption class=\"wp-element-caption\">Cover Art: Russian Translation of <em>The Basketball Diaries<\/em> by Jim Carroll<\/figcaption><\/figure>\n<\/div>\n\n\n<p><strong><span class=\"ext-worktitle\">Russian translation of <em>The Basketball Diaries<\/em><\/span><br>By Jim Carrol<\/strong>l<br>Translated by Ekaterina Matveeva<br>Alex Kervey, Editor-in-Chief<br>Moscow: Adaptec, T-ough Press \/ AST, 2005 <br><\/p>\n\n\n\n<h2 class=\"wp-block-heading\">Excerpt:<\/h2>\n\n\n\n<figure class=\"wp-block-image size-full is-style-default\"><img loading=\"lazy\" decoding=\"async\" width=\"470\" height=\"225\" src=\"https:\/\/www.catholicboy.com\/WP\/wp-content\/uploads\/2023\/03\/bdrussian_excerpt.gif\" alt=\"Sample of Russian translation\" class=\"wp-image-6709\"\/><\/figure>\n\n\n\n<p><\/p>\n\n\n\n<p><strong>From <em>The Basketball Diaries<\/em>, Penguin Edition (1987), pages 140-41.<\/strong><\/p>\n\n\n\n<blockquote class=\"wp-block-quote is-layout-flow wp-block-quote-is-layout-flow\">\n<blockquote class=\"wp-block-quote is-layout-flow wp-block-quote-is-layout-flow\">\n<p><strong>Fall 1965<\/strong><\/p>\n\n\n\n<p>A note found on one of those little homework pads you cop for ten cents at Gussie&#8217;s . . .<br>I wrote on an experience with L.S. D. a while ago:<\/p>\n\n\n\n<p>&#8220;Little kids shoot<br>marbles<br>where the branches break the sun<\/p>\n\n\n\n<p>into graceful shafts of<br>light . . .<br>I just want to be pure.&#8221;<\/p>\n\n\n\n<p>I found it all crumbled up<br>in these old pants in history class this morning.<\/p>\n<\/blockquote>\n<\/blockquote>\n\n\n\n<hr class=\"wp-block-separator has-alpha-channel-opacity\"\/>\n\n\n\n<p><em>Thanks to the translator for sharing this!<\/em><\/p>\n","protected":false},"excerpt":{"rendered":"<p>Russian translation of The Basketball DiariesBy Jim CarrollTranslated by Ekaterina MatveevaAlex Kervey, Editor-in-ChiefMoscow: Adaptec, T-ough Press \/ AST, 2005 Excerpt: From The Basketball Diaries, Penguin Edition (1987), pages 140-41. Thanks to the translator for sharing this! <a href=\"https:\/\/www.catholicboy.com\/WP\/works\/literary-works\/translations-foreign-editions\/russian-translation-of-bbd\/\" class=\"more-link\">Continue reading <span class=\"screen-reader-text\">Russian Translation of BBD<\/span><\/a><\/p>\n","protected":false},"author":2,"featured_media":0,"parent":4779,"menu_order":1,"comment_status":"closed","ping_status":"closed","template":"","meta":{"advanced_seo_description":"","jetpack_seo_html_title":"","jetpack_seo_noindex":false,"jetpack_post_was_ever_published":false,"footnotes":""},"folder":[46],"class_list":["post-4647","page","type-page","status-publish","hentry"],"jetpack_sharing_enabled":true,"jetpack_shortlink":"https:\/\/wp.me\/P9VlUH-1cX","jetpack_likes_enabled":true,"jetpack-related-posts":[{"id":4779,"url":"https:\/\/www.catholicboy.com\/WP\/works\/literary-works\/translations-foreign-editions\/","url_meta":{"origin":4647,"position":0},"title":"Translations &#038; Foreign Editions","author":"Cassie Carter","date":"January 10, 2022","format":false,"excerpt":"These are the translations and (non-USA) foreign editions of Carroll's works that I am aware of. Please send me details if you know of others! Jim Entra Nel Campo Di Basket: Diario Di Un Adolescente Nelle Strade Di New York(\"Jim on the Basketball Court: Diary of an Adolescent on the\u2026","rel":"","context":"Similar post","block_context":{"text":"Similar post","link":""},"img":{"alt_text":"","src":"https:\/\/i0.wp.com\/www.catholicboy.com\/WP\/wp-content\/uploads\/2025\/03\/algunos-poemas-de-jim-carroll-2016.jpg?resize=350%2C200&ssl=1","width":350,"height":200,"srcset":"https:\/\/i0.wp.com\/www.catholicboy.com\/WP\/wp-content\/uploads\/2025\/03\/algunos-poemas-de-jim-carroll-2016.jpg?resize=350%2C200&ssl=1 1x, https:\/\/i0.wp.com\/www.catholicboy.com\/WP\/wp-content\/uploads\/2025\/03\/algunos-poemas-de-jim-carroll-2016.jpg?resize=525%2C300&ssl=1 1.5x, https:\/\/i0.wp.com\/www.catholicboy.com\/WP\/wp-content\/uploads\/2025\/03\/algunos-poemas-de-jim-carroll-2016.jpg?resize=700%2C400&ssl=1 2x"},"classes":[]},{"id":8694,"url":"https:\/\/www.catholicboy.com\/WP\/works\/literary-works\/translations-foreign-editions\/basketball-diaries-japanese\/","url_meta":{"origin":4647,"position":1},"title":"Basketball Diaries Japanese","author":"Cassie Carter","date":"March 6, 2025","format":false,"excerpt":"Japanese Translation of The Basketball Diaries by Jim Carroll Japanese translation of\u00a0The Basketball DiariesShobun-sha (Tokyo), 1982Based on the 1978 Tombouctou edition. Excerpt This translation includes Tom Clark's introduction.","rel":"","context":"Similar post","block_context":{"text":"Similar post","link":""},"img":{"alt_text":"Cover Art","src":"https:\/\/i0.wp.com\/www.catholicboy.com\/WP\/wp-content\/uploads\/2023\/03\/bdjapan.jpg?resize=350%2C200&ssl=1","width":350,"height":200},"classes":[]},{"id":6830,"url":"https:\/\/www.catholicboy.com\/WP\/works\/literary-works\/translations-foreign-editions\/downtown-diaries-french-translation-of-forced-entries-2015\/","url_meta":{"origin":4647,"position":2},"title":"Downtown Diaries: French Translation of Forced Entries 2015","author":"Cassie Carter","date":"March 23, 2023","format":false,"excerpt":"French Translation of Forced Entries by Jim Carroll French Translation of Forced Entries by Jim Carroll From Amazon Sweden: Downtown Diaries Pocketbok \u2013 Stor bok, 9 September 2015Franska utg\u00e5van av Jim Carroll (F\u00f6rfattare), J\u00e9r\u00f4me Schmidt (\u00d6vers\u00e4ttare) Auteur de Basketball Diaries, Jim Carroll, a \u00e9t\u00e9 l'une des figures centrales du New\u2026","rel":"","context":"Similar post","block_context":{"text":"Similar post","link":""},"img":{"alt_text":"Cover Art","src":"https:\/\/i0.wp.com\/www.catholicboy.com\/WP\/wp-content\/uploads\/2023\/03\/fe_sweden-front-110x150.jpg?resize=350%2C200&ssl=1","width":350,"height":200},"classes":[]},{"id":8692,"url":"https:\/\/www.catholicboy.com\/WP\/works\/literary-works\/translations-foreign-editions\/basketball-diaries-french-1995\/","url_meta":{"origin":4647,"position":3},"title":"Basketball Diaries French (1995)","author":"Cassie Carter","date":"March 6, 2025","format":false,"excerpt":"French Translation of The Basketball Diaries by Jim Carroll The Basketball DiariesFrench translationTranslated by Thierry MarignacParis: Editiones 10\/18 Publishers1995 edition See also the\u00a0First French edition Thanks to Marie\u00a0Pierre Chalimbaud\u00a0for sharing this translation! I'm guessing this is just a film tie-in with just a cover change, but I would love to\u2026","rel":"","context":"Similar post","block_context":{"text":"Similar post","link":""},"img":{"alt_text":"Cover Art","src":"https:\/\/i0.wp.com\/www.catholicboy.com\/WP\/wp-content\/uploads\/2023\/03\/bdfrench95a.jpg?resize=350%2C200&ssl=1","width":350,"height":200},"classes":[]},{"id":8696,"url":"https:\/\/www.catholicboy.com\/WP\/works\/literary-works\/translations-foreign-editions\/basketball-diaries-german\/","url_meta":{"origin":4647,"position":4},"title":"Basketball Diaries German","author":"Cassie Carter","date":"March 6, 2025","format":false,"excerpt":"In den Strassen von New York: German Translation of The Basketball Diaries by Jim Carroll In den Stra\u00dfen von New York(\"In the Streets of New York\")German translation of The Basketball DiariesMunich: Piper Books 1995Gmd H. & Co.KG, MunichTry www.amazon.de This looks to me like a reissue with a film tie-in\u2026","rel":"","context":"Similar post","block_context":{"text":"Similar post","link":""},"img":{"alt_text":"","src":"https:\/\/i0.wp.com\/www.catholicboy.com\/WP\/wp-content\/uploads\/2025\/03\/in_den_strassen_von_new_york.webp?resize=350%2C200&ssl=1","width":350,"height":200},"classes":[]},{"id":4003,"url":"https:\/\/www.catholicboy.com\/WP\/works\/literary-works\/diaries-and-fiction-by-jim-carroll\/","url_meta":{"origin":4647,"position":5},"title":"Diaries and Fiction by Jim Carroll","author":"catholicboy.com","date":"January 10, 2022","format":false,"excerpt":"The Petting Zoo: A NovelPublished:\u00a0November 8, 2010By:\u00a0Jim CarrollPublisher:\u00a0VikingCarroll was putting the finishing touches on his first novel,\u00a0The Petting Zoo, when he passed away in 2009. Protagonist Billy Wolfram, a hot young artist in late 1980s NYC, suffers a psychological and spiritual breakdown while viewing the Met's Velasquez retrospective and desperately\u2026","rel":"","context":"Similar post","block_context":{"text":"Similar post","link":""},"img":{"alt_text":"","src":"https:\/\/i0.wp.com\/www.catholicboy.com\/WP\/wp-content\/uploads\/2021\/04\/PettingZooLarge.jpg?resize=350%2C200&ssl=1","width":350,"height":200},"classes":[]}],"_links":{"self":[{"href":"https:\/\/www.catholicboy.com\/WP\/wp-json\/wp\/v2\/pages\/4647","targetHints":{"allow":["GET"]}}],"collection":[{"href":"https:\/\/www.catholicboy.com\/WP\/wp-json\/wp\/v2\/pages"}],"about":[{"href":"https:\/\/www.catholicboy.com\/WP\/wp-json\/wp\/v2\/types\/page"}],"author":[{"embeddable":true,"href":"https:\/\/www.catholicboy.com\/WP\/wp-json\/wp\/v2\/users\/2"}],"replies":[{"embeddable":true,"href":"https:\/\/www.catholicboy.com\/WP\/wp-json\/wp\/v2\/comments?post=4647"}],"version-history":[{"count":4,"href":"https:\/\/www.catholicboy.com\/WP\/wp-json\/wp\/v2\/pages\/4647\/revisions"}],"predecessor-version":[{"id":8678,"href":"https:\/\/www.catholicboy.com\/WP\/wp-json\/wp\/v2\/pages\/4647\/revisions\/8678"}],"up":[{"embeddable":true,"href":"https:\/\/www.catholicboy.com\/WP\/wp-json\/wp\/v2\/pages\/4779"}],"wp:attachment":[{"href":"https:\/\/www.catholicboy.com\/WP\/wp-json\/wp\/v2\/media?parent=4647"}],"wp:term":[{"taxonomy":"folder","embeddable":true,"href":"https:\/\/www.catholicboy.com\/WP\/wp-json\/wp\/v2\/folder?post=4647"}],"curies":[{"name":"wp","href":"https:\/\/api.w.org\/{rel}","templated":true}]}}