{"id":4258,"date":"2022-01-10T22:17:10","date_gmt":"2022-01-10T22:17:47","guid":{"rendered":"http:\/\/localhost:8000\/?page_id=3995"},"modified":"2025-03-07T22:53:39","modified_gmt":"2025-03-08T06:53:39","slug":"forced-entries-the-downtown-diaries-jim-carroll","status":"publish","type":"page","link":"https:\/\/www.catholicboy.com\/WP\/works\/literary-works\/diaries-and-fiction-by-jim-carroll\/forced-entries-the-downtown-diaries-jim-carroll\/","title":{"rendered":"Forced Entries: The Downtown Diaries, 1971-1973"},"content":{"rendered":"\n<p><strong>Get this book on <a href=\"https:\/\/www.amazon.com\/gp\/product\/0140085025?ie=UTF8&amp;linkCode=ll1&amp;tag=thejimcarrollweb&amp;linkId=31c0b656a25a6fc3febd000ff13b1cb0&amp;language=en_US&amp;ref_=as_li_ss_tl\">Amazon<\/a><\/strong><\/p>\n\n\n\n<div class=\"wp-block-media-text alignwide is-stacked-on-mobile is-vertically-aligned-top\" style=\"grid-template-columns:38% auto\"><figure class=\"wp-block-media-text__media\"><a class=\"foobox\" href=\"https:\/\/www.catholicboy.com\/WP\/wp-content\/uploads\/2023\/03\/fe2.gif\"><img loading=\"lazy\" decoding=\"async\" width=\"263\" height=\"386\" src=\"https:\/\/www.catholicboy.com\/WP\/wp-content\/uploads\/2023\/03\/fe2.gif\" alt=\"Cover Art - Forced Entries: The Downtown Diaries, 1971-1973 (1997 edition) - by Jim Carroll\" class=\"wp-image-6716 size-full\"\/><\/a><\/figure><div class=\"wp-block-media-text__content\">\n<p class=\"ext-bibliography\"><em><strong>Forced Entries: The Downtown Diaries, 1971-1973<\/strong><br><\/em><strong>Second Edition<br>By: <\/strong>Jim Carroll<br><strong>Republished: <\/strong>1998<br><strong>Publisher:<\/strong> Penguin<br><strong>Format:<\/strong> Paperback<br><strong>Cover photo:<\/strong> Gerard Malanga<br><strong>Cover design: <\/strong>Edward ODowd<\/p>\n\n\n\n<p><\/p>\n\n\n\n<p><\/p>\n<\/div><\/div>\n\n\n\n<div style=\"height:30px\" aria-hidden=\"true\" class=\"wp-block-spacer\"><\/div>\n\n\n\n<p><em>Forced Entries<\/em> picks up Carroll&#8217;s story on his twentieth birthday, just as he is entering New York&#8217;s hip art scene. He rubs elbows with dozens of famous poets and artists, is Patti Smith&#8217;s beau for a time, works for Andy Warhol and Larry Rivers, and hangs out at Max&#8217;s Kansas City, where the Velvet Underground is performing. But all the while, he is leading a double life: still addicted to heroin, Carroll attempts to overcome his past and establish himself as an artist within this society of artists. Yet this quest for authentication combined with his need for drugs eventually threatens to destroy him. While he is frantically trying to keep up with the &#8220;scene,&#8221; his addiction overtakes him and his writing, and he finds that he has become a stranger to himself. Because of this, Carroll flees to California to successfully conquer his addiction and learn to see again.<\/p>\n\n\n\n<p>The 1998 edition&#8217;s cover photo, by Gerard Malanga, shows Carroll seated in a window at Andy Warhol&#8217;s Factory in Union Square.<\/p>\n\n\n\n<h2 class=\"wp-block-heading\">See Also<\/h2>\n\n\n\n<p><a href=\"https:\/\/www.catholicboy.com\/WP\/works\/literary-works\/diaries-and-fiction-by-jim-carroll\/forced-entries-the-downtown-diaries-jim-carroll-first-edition\/\" data-type=\"page\" data-id=\"8897\">First Edition<\/a><\/p>\n","protected":false},"excerpt":{"rendered":"<p>Get this book on Amazon Forced Entries: The Downtown Diaries, 1971-1973Second EditionBy: Jim CarrollRepublished: 1998Publisher: PenguinFormat: PaperbackCover photo: Gerard MalangaCover design: Edward ODowd Forced Entries picks up Carroll&#8217;s story on his twentieth birthday, just as he is entering New York&#8217;s hip art scene. He rubs elbows with dozens of famous poets and artists, is Patti &hellip; <a href=\"https:\/\/www.catholicboy.com\/WP\/works\/literary-works\/diaries-and-fiction-by-jim-carroll\/forced-entries-the-downtown-diaries-jim-carroll\/\" class=\"more-link\">Continue reading <span class=\"screen-reader-text\">Forced Entries: The Downtown Diaries, 1971-1973<\/span><\/a><\/p>\n","protected":false},"author":2,"featured_media":0,"parent":4003,"menu_order":2,"comment_status":"closed","ping_status":"closed","template":"","meta":{"advanced_seo_description":"","jetpack_seo_html_title":"","jetpack_seo_noindex":false,"jetpack_post_was_ever_published":false,"footnotes":""},"folder":[],"class_list":["post-4258","page","type-page","status-publish","hentry"],"jetpack_sharing_enabled":true,"jetpack_shortlink":"https:\/\/wp.me\/P9VlUH-16G","jetpack_likes_enabled":true,"jetpack-related-posts":[{"id":4003,"url":"https:\/\/www.catholicboy.com\/WP\/works\/literary-works\/diaries-and-fiction-by-jim-carroll\/","url_meta":{"origin":4258,"position":0},"title":"Diaries and Fiction by Jim Carroll","author":"catholicboy.com","date":"January 10, 2022","format":false,"excerpt":"The Petting Zoo: A NovelPublished:\u00a0November 8, 2010By:\u00a0Jim CarrollPublisher:\u00a0VikingCarroll was putting the finishing touches on his first novel,\u00a0The Petting Zoo, when he passed away in 2009. Protagonist Billy Wolfram, a hot young artist in late 1980s NYC, suffers a psychological and spiritual breakdown while viewing the Met's Velasquez retrospective and desperately\u2026","rel":"","context":"Similar post","block_context":{"text":"Similar post","link":""},"img":{"alt_text":"","src":"https:\/\/i0.wp.com\/www.catholicboy.com\/WP\/wp-content\/uploads\/2021\/04\/PettingZooLarge.jpg?resize=350%2C200&ssl=1","width":350,"height":200},"classes":[]},{"id":8897,"url":"https:\/\/www.catholicboy.com\/WP\/works\/literary-works\/diaries-and-fiction-by-jim-carroll\/forced-entries-the-downtown-diaries-jim-carroll-first-edition\/","url_meta":{"origin":4258,"position":1},"title":"Forced Entries: The Downtown Diaries, 1971-1973 (First Edition)","author":"Cassie Carter","date":"March 7, 2025","format":false,"excerpt":"Forced Entries: The Downtown Diaries, 1971-1973First EditionBy: Jim CarrollPublished: 1987Publisher: PenguinFormat: PaperbackCover photo: Cindy LewisCover design: Neil Stuart Forced Entries\u00a0picks up Carroll's story on his twentieth birthday, just as he is entering New York's hip art scene. He rubs elbows with dozens of famous poets and artists, is Patti Smith's\u2026","rel":"","context":"Similar post","block_context":{"text":"Similar post","link":""},"img":{"alt_text":"Cover Art: Forced Entries (First Edition)","src":"https:\/\/i0.wp.com\/www.catholicboy.com\/WP\/wp-content\/uploads\/2023\/03\/fecover.jpg?resize=350%2C200&ssl=1","width":350,"height":200},"classes":[]},{"id":6830,"url":"https:\/\/www.catholicboy.com\/WP\/works\/literary-works\/translations-foreign-editions\/downtown-diaries-french-translation-of-forced-entries-2015\/","url_meta":{"origin":4258,"position":2},"title":"Downtown Diaries: French Translation of Forced Entries 2015","author":"Cassie Carter","date":"March 23, 2023","format":false,"excerpt":"French Translation of Forced Entries by Jim Carroll French Translation of Forced Entries by Jim Carroll From Amazon Sweden: Downtown Diaries Pocketbok \u2013 Stor bok, 9 September 2015Franska utg\u00e5van av Jim Carroll (F\u00f6rfattare), J\u00e9r\u00f4me Schmidt (\u00d6vers\u00e4ttare) Auteur de Basketball Diaries, Jim Carroll, a \u00e9t\u00e9 l'une des figures centrales du New\u2026","rel":"","context":"Similar post","block_context":{"text":"Similar post","link":""},"img":{"alt_text":"Cover Art","src":"https:\/\/i0.wp.com\/www.catholicboy.com\/WP\/wp-content\/uploads\/2023\/03\/fe_sweden-front-110x150.jpg?resize=350%2C200&ssl=1","width":350,"height":200},"classes":[]},{"id":4595,"url":"https:\/\/www.catholicboy.com\/WP\/research\/book-reviews\/review-of-the-basketball-diaries-and-foreced-entries-by-christopher-lehmann-haupt-jim-carroll-book-reviews-catholicboy-com\/","url_meta":{"origin":4258,"position":3},"title":"Review of The Basketball Diaries and Foreced Entries by Christopher Lehmann-Haupt &#8211; Jim Carroll Book Reviews &#8211; CatholicBoy.com","author":"catholicboy.com","date":"January 10, 2022","format":false,"excerpt":"Home > Research > Book Reviews > Review of The Basketball Diaries and Foreced Entries by Christopher Lehmann-Haupt Books of the Times The Basketball Diaries & Forced Entries Review by Christopher Lehmann-Haupt The New York Times July 9, 1987 Late City Final Edition, C23 JIM CARROLL is a poet and\u2026","rel":"","context":"Similar post","block_context":{"text":"Similar post","link":""},"img":{"alt_text":"","src":"","width":0,"height":0},"classes":[]},{"id":10046,"url":"https:\/\/www.catholicboy.com\/WP\/research\/jim-carroll-biographies\/jim-carroll-the-complete-marquis-whos-who-1999\/","url_meta":{"origin":4258,"position":4},"title":"Jim Carroll: The Complete Marquis Who&#8217;s Who 1999","author":"Cassie Carter","date":"June 3, 2025","format":false,"excerpt":"James Dennis CarrollBorn: August 1, 1951 in N.Y.C.Occupation: poetFamily: s. Thomas Joseph and Agnes (Coyle) C.; m. Rosemary Klemfuss, 1978 (div.) Addresses: Office, c\/o Penguin USA, 375 Hudson St, New York, NY, 10014-3658 .Awards: Recipient young writer's award Random House Books, 1970.Positions Held: writer, poet, spoken word performer, writing instr.,\u2026","rel":"","context":"Similar post","block_context":{"text":"Similar post","link":""},"img":{"alt_text":"","src":"","width":0,"height":0},"classes":[]},{"id":4620,"url":"https:\/\/www.catholicboy.com\/WP\/research\/performance-reviews\/preview-university-of-montana-1999\/","url_meta":{"origin":4258,"position":5},"title":"\u201cOne wrist in heaven, one ankle in hell\u201d: Jim Carroll to Speak in Missoula\u00a0","author":"catholicboy.com","date":"January 10, 2022","format":false,"excerpt":"University of Montana (Missoula, MT)8 November 1999Nate Schweber, Eye Spy Reporter\u00a0Kaimin Online19 October 1999 When I discovered Jim Carroll a week before my 20th birthday, it took me 30 seconds to adopt the last sentence of the first chapter of his book \u201cForced Entries\u201d as a personal motto. After a\u2026","rel":"","context":"Similar post","block_context":{"text":"Similar post","link":""},"img":{"alt_text":"","src":"","width":0,"height":0},"classes":[]}],"_links":{"self":[{"href":"https:\/\/www.catholicboy.com\/WP\/wp-json\/wp\/v2\/pages\/4258","targetHints":{"allow":["GET"]}}],"collection":[{"href":"https:\/\/www.catholicboy.com\/WP\/wp-json\/wp\/v2\/pages"}],"about":[{"href":"https:\/\/www.catholicboy.com\/WP\/wp-json\/wp\/v2\/types\/page"}],"author":[{"embeddable":true,"href":"https:\/\/www.catholicboy.com\/WP\/wp-json\/wp\/v2\/users\/2"}],"replies":[{"embeddable":true,"href":"https:\/\/www.catholicboy.com\/WP\/wp-json\/wp\/v2\/comments?post=4258"}],"version-history":[{"count":9,"href":"https:\/\/www.catholicboy.com\/WP\/wp-json\/wp\/v2\/pages\/4258\/revisions"}],"predecessor-version":[{"id":8903,"href":"https:\/\/www.catholicboy.com\/WP\/wp-json\/wp\/v2\/pages\/4258\/revisions\/8903"}],"up":[{"embeddable":true,"href":"https:\/\/www.catholicboy.com\/WP\/wp-json\/wp\/v2\/pages\/4003"}],"wp:attachment":[{"href":"https:\/\/www.catholicboy.com\/WP\/wp-json\/wp\/v2\/media?parent=4258"}],"wp:term":[{"taxonomy":"folder","embeddable":true,"href":"https:\/\/www.catholicboy.com\/WP\/wp-json\/wp\/v2\/folder?post=4258"}],"curies":[{"name":"wp","href":"https:\/\/api.w.org\/{rel}","templated":true}]}}