{"id":10751,"date":"2026-01-23T18:13:35","date_gmt":"2026-01-24T02:13:35","guid":{"rendered":"https:\/\/www.catholicboy.com\/WP\/?page_id=10751"},"modified":"2026-01-23T18:13:43","modified_gmt":"2026-01-24T02:13:43","slug":"behind-forced-entries","status":"publish","type":"page","link":"https:\/\/www.catholicboy.com\/WP\/background\/behind-forced-entries\/","title":{"rendered":"Behind Forced Entries"},"content":{"rendered":"\n<p>Right now I am organizing my files. I intend to just add the files I find related to Forced Entries as I find them . . . <\/p>\n\n\n\n<div class=\"wp-block-file\"><a id=\"wp-block-file--media-47c623e5-0281-4338-933f-0336d5043abb\" href=\"https:\/\/www.catholicboy.com\/WP\/wp-content\/uploads\/2026\/01\/Mysterious-Laser-Beam-Was-Art-Not-Attack-The-New-York-Times.pdf\">Mysterious Laser Beam Was Art, Not Attack &#8211; The New York Times<\/a><a href=\"https:\/\/www.catholicboy.com\/WP\/wp-content\/uploads\/2026\/01\/Mysterious-Laser-Beam-Was-Art-Not-Attack-The-New-York-Times.pdf\" class=\"wp-block-file__button wp-element-button\" download aria-describedby=\"wp-block-file--media-47c623e5-0281-4338-933f-0336d5043abb\">Download<\/a><\/div>\n\n\n\n<p><\/p>\n","protected":false},"excerpt":{"rendered":"<p>Right now I am organizing my files. I intend to just add the files I find related to Forced Entries as I find them . . . <a href=\"https:\/\/www.catholicboy.com\/WP\/background\/behind-forced-entries\/\" class=\"more-link\">Continue reading <span class=\"screen-reader-text\">Behind Forced Entries<\/span><\/a><\/p>\n","protected":false},"author":1,"featured_media":0,"parent":13,"menu_order":0,"comment_status":"closed","ping_status":"closed","template":"","meta":{"advanced_seo_description":"","jetpack_seo_html_title":"","jetpack_seo_noindex":false,"jetpack_post_was_ever_published":false,"footnotes":""},"folder":[],"class_list":["post-10751","page","type-page","status-publish","hentry"],"jetpack_sharing_enabled":true,"jetpack_shortlink":"https:\/\/wp.me\/P9VlUH-2Np","jetpack_likes_enabled":true,"jetpack-related-posts":[{"id":8897,"url":"https:\/\/www.catholicboy.com\/WP\/works\/literary-works\/diaries-and-fiction-by-jim-carroll\/forced-entries-the-downtown-diaries-jim-carroll-first-edition\/","url_meta":{"origin":10751,"position":0},"title":"Forced Entries: The Downtown Diaries, 1971-1973 (First Edition)","author":"Cassie Carter","date":"March 7, 2025","format":false,"excerpt":"Forced Entries: The Downtown Diaries, 1971-1973First EditionBy: Jim CarrollPublished: 1987Publisher: PenguinFormat: PaperbackCover photo: Cindy LewisCover design: Neil Stuart Forced Entries\u00a0picks up Carroll's story on his twentieth birthday, just as he is entering New York's hip art scene. He rubs elbows with dozens of famous poets and artists, is Patti Smith's\u2026","rel":"","context":"Similar post","block_context":{"text":"Similar post","link":""},"img":{"alt_text":"Cover Art: Forced Entries (First Edition)","src":"https:\/\/i0.wp.com\/www.catholicboy.com\/WP\/wp-content\/uploads\/2023\/03\/fecover.jpg?resize=350%2C200&ssl=1","width":350,"height":200},"classes":[]},{"id":4148,"url":"https:\/\/www.catholicboy.com\/WP\/research\/academic-studies-of-jim-carroll\/masters-thesis-1990-basketball-diaries-and-forced-entries\/","url_meta":{"origin":10751,"position":1},"title":"1990 Master&#8217;s Thesis on The Basketball Diaries and Forced Entries","author":"Cassie Carter","date":"January 10, 2022","format":false,"excerpt":"Title Page \u00a0 Table of Contents \u00a0 Abstract \u00a0 Chapter One \u00a0 Chapter Two \u00a0 Chapter Three \u00a0 Chapter Four \u00a0 Appendix \u00a0 Notes \u00a0 Works Cited JIM CARROLL'S BASKETBALL DIARIESAND FORCED ENTRIES: SHIT INTO GOLD A Thesispresented to theFaculty ofSan Diego State University In Partial Fulfillmentof the Requirements for\u2026","rel":"","context":"Similar post","block_context":{"text":"Similar post","link":""},"img":{"alt_text":"","src":"","width":0,"height":0},"classes":[]},{"id":4258,"url":"https:\/\/www.catholicboy.com\/WP\/works\/literary-works\/diaries-and-fiction-by-jim-carroll\/forced-entries-the-downtown-diaries-jim-carroll\/","url_meta":{"origin":10751,"position":2},"title":"Forced Entries: The Downtown Diaries, 1971-1973","author":"catholicboy.com","date":"January 10, 2022","format":false,"excerpt":"Get this book on Amazon Forced Entries: The Downtown Diaries, 1971-1973Second EditionBy: Jim CarrollRepublished: 1998Publisher: PenguinFormat: PaperbackCover photo: Gerard MalangaCover design: Edward ODowd Forced Entries picks up Carroll's story on his twentieth birthday, just as he is entering New York's hip art scene. He rubs elbows with dozens of famous\u2026","rel":"","context":"Similar post","block_context":{"text":"Similar post","link":""},"img":{"alt_text":"Cover Art - Forced Entries: The Downtown Diaries, 1971-1973 (1997 edition) - by Jim Carroll","src":"https:\/\/i0.wp.com\/www.catholicboy.com\/WP\/wp-content\/uploads\/2023\/03\/fe2.gif?resize=350%2C200&ssl=1","width":350,"height":200},"classes":[]},{"id":4043,"url":"https:\/\/www.catholicboy.com\/WP\/research\/academic-studies-of-jim-carroll\/masters-thesis-1990-basketball-diaries-and-forced-entries\/home-research-academic-studies\/","url_meta":{"origin":10751,"position":3},"title":"Thesis TOC","author":"catholicboy.com","date":"January 10, 2022","format":false,"excerpt":"Home > Research > Academic Studies Table of Contents Shit Into Gold: Jim Carroll's The Basketball Diaries and Forced Entries By Cassie Carter Title Page If you want to cite this thesis, here's where you find the bibliographic information. Table of Contents This page. Abstract Summary of the thesis. Chapter\u2026","rel":"","context":"Similar post","block_context":{"text":"Similar post","link":""},"img":{"alt_text":"","src":"","width":0,"height":0},"classes":[]},{"id":6830,"url":"https:\/\/www.catholicboy.com\/WP\/works\/literary-works\/translations-foreign-editions\/downtown-diaries-french-translation-of-forced-entries-2015\/","url_meta":{"origin":10751,"position":4},"title":"Downtown Diaries: French Translation of Forced Entries 2015","author":"Cassie Carter","date":"March 23, 2023","format":false,"excerpt":"French Translation of Forced Entries by Jim Carroll French Translation of Forced Entries by Jim Carroll From Amazon Sweden: Downtown Diaries Pocketbok \u2013 Stor bok, 9 September 2015Franska utg\u00e5van av Jim Carroll (F\u00f6rfattare), J\u00e9r\u00f4me Schmidt (\u00d6vers\u00e4ttare) Auteur de Basketball Diaries, Jim Carroll, a \u00e9t\u00e9 l'une des figures centrales du New\u2026","rel":"","context":"Similar post","block_context":{"text":"Similar post","link":""},"img":{"alt_text":"Cover Art","src":"https:\/\/i0.wp.com\/www.catholicboy.com\/WP\/wp-content\/uploads\/2023\/03\/fe_sweden-front-110x150.jpg?resize=350%2C200&ssl=1","width":350,"height":200},"classes":[]},{"id":4141,"url":"https:\/\/www.catholicboy.com\/WP\/research\/academic-studies-of-jim-carroll\/masters-thesis-1990-basketball-diaries-and-forced-entries\/abstract\/","url_meta":{"origin":10751,"position":5},"title":"Abstract","author":"catholicboy.com","date":"January 10, 2022","format":false,"excerpt":"Abstract Jim Carroll's The Basketball Diaries and Forced Entries By Cassie Carter Title Page \u00a0 Table of Contents \u00a0 Abstract \u00a0 Chapter One \u00a0 Chapter Two \u00a0 Chapter Three \u00a0 Chapter Four \u00a0 Appendix \u00a0 Notes \u00a0 Works Cited By the time Jim Carroll was 16 years old, he was\u2026","rel":"","context":"Similar post","block_context":{"text":"Similar post","link":""},"img":{"alt_text":"","src":"","width":0,"height":0},"classes":[]}],"_links":{"self":[{"href":"https:\/\/www.catholicboy.com\/WP\/wp-json\/wp\/v2\/pages\/10751","targetHints":{"allow":["GET"]}}],"collection":[{"href":"https:\/\/www.catholicboy.com\/WP\/wp-json\/wp\/v2\/pages"}],"about":[{"href":"https:\/\/www.catholicboy.com\/WP\/wp-json\/wp\/v2\/types\/page"}],"author":[{"embeddable":true,"href":"https:\/\/www.catholicboy.com\/WP\/wp-json\/wp\/v2\/users\/1"}],"replies":[{"embeddable":true,"href":"https:\/\/www.catholicboy.com\/WP\/wp-json\/wp\/v2\/comments?post=10751"}],"version-history":[{"count":1,"href":"https:\/\/www.catholicboy.com\/WP\/wp-json\/wp\/v2\/pages\/10751\/revisions"}],"predecessor-version":[{"id":10753,"href":"https:\/\/www.catholicboy.com\/WP\/wp-json\/wp\/v2\/pages\/10751\/revisions\/10753"}],"up":[{"embeddable":true,"href":"https:\/\/www.catholicboy.com\/WP\/wp-json\/wp\/v2\/pages\/13"}],"wp:attachment":[{"href":"https:\/\/www.catholicboy.com\/WP\/wp-json\/wp\/v2\/media?parent=10751"}],"wp:term":[{"taxonomy":"folder","embeddable":true,"href":"https:\/\/www.catholicboy.com\/WP\/wp-json\/wp\/v2\/folder?post=10751"}],"curies":[{"name":"wp","href":"https:\/\/api.w.org\/{rel}","templated":true}]}}